{"id":138,"date":"2024-02-29T16:00:20","date_gmt":"2024-02-29T15:00:20","guid":{"rendered":"https:\/\/rollingshield.infofuturo.eu\/?page_id=138"},"modified":"2025-12-17T11:11:20","modified_gmt":"2025-12-17T10:11:20","slug":"catalogos","status":"publish","type":"page","link":"https:\/\/rollingshield.com\/es\/catalogos\/","title":{"rendered":"Cat\u00e1logos"},"content":{"rendered":"<div class=\"brz-root__container brz-reset-all brz brz-root__container-page\">\n<section id=\"7b3ce8ee253342d76ce6_jsrz38ruJjFI\" class=\"brz-section brz-css-1bmrcaw\">\n<div class=\"brz-section__content brz-section--fullWidth brz-css-v6k4tb brz-css-zny6i7\" data-brz-custom-id=\"qZNkbWmrd6ZC\">\n<div class=\"brz-bg\">\n<div class=\"brz-bg-color\"><\/div>\n<\/div>\n<div class=\"brz-container brz-css-ow2vqf brz-css-wrz081\">\n<div class=\"brz-row__container brz-css-1lvqsxk\" data-brz-custom-id=\"nEB8WNDbE_Bq\">\n<div class=\"brz-bg\"><\/div>\n<div class=\"brz-row brz-css-17252ye brz-css-1x60xl1\">\n<div class=\"brz-columns brz-css-a5zfbi brz-css-1e5y8z9\" data-brz-custom-id=\"kfM3B_I5COQ6\">\n<div class=\"brz-bg\"><\/div>\n<div class=\"brz-column__items brz-css-1j6pen6 brz-css-1b2fl11\">\n<div id=\"\" class=\"brz-css-175bxlz brz-css-1yeevp8 brz-wrapper\">\n<div class=\"brz-rich-text brz-rich-text__custom brz-css-myco2t\" data-brz-custom-id=\"qLJJTw55_Plj\">\n<div data-brz-translate-text=\"1\">\n<h3 class=\"brz-text-lg-justify brz-ff-blinker brz-ft-google brz-fs-lg-28 brz-fss-lg-px brz-fw-lg-700 brz-ls-lg-m_1 brz-lh-lg-1_4 brz-tp-lg-heading3 brz-text-xs-center brz-text-sm-center brz-css-xgcQ6\" data-uniq-id=\"w7sC1\" data-generated-css=\"brz-css-nnSBV\"><strong class=\"brz-cp-color2\">Rollingshield es su socio en la industria de persianas contra huracanes<\/strong><\/h3>\n<\/div>\n<\/div>\n<\/div>\n<div id=\"\" class=\"brz-css-175bxlz brz-css-152ntvh brz-wrapper\">\n<div class=\"brz-rich-text brz-rich-text__custom brz-css-myco2t\" data-brz-custom-id=\"j56QYKfCR3Xd\">\n<div data-brz-translate-text=\"1\">\n<h3 class=\"brz-tp-lg-paragraph brz-text-lg-justify brz-ff-blinker brz-ft-google brz-fs-lg-28 brz-fss-lg-px brz-fw-lg-700 brz-ls-lg-m_1 brz-lh-lg-1_4 brz-text-xs-center brz-text-sm-center brz-css-ws5kc\" data-uniq-id=\"ph7nN\" data-generated-css=\"brz-css-tspzL\"><span class=\"brz-cp-color7\">Nos enorgullece pertenecer al mercado estadounidense desde 1993, como fabricante de persianas de calidad, y nos enorgullece mas el haber ayudado a proteger innumerables hogares y negocios en Florida, el Caribe, los Estados del Golfo y la Costa del Atl\u00e1ntico Medio contra los estragos de los huracanes y las tormentas tropicales. Nuestra misi\u00f3n continua es desarrollar y producir los mejores productos posibles para satisfacer las necesidades de nuestros clientes.<\/span><\/h3>\n<\/div>\n<\/div>\n<\/div>\n<\/div>\n<\/div>\n<\/div>\n<\/div>\n<\/div>\n<\/div>\n<\/section>\n<section id=\"3742c4f2b8fd384e6635_sLmVfcYg8Bwl\" class=\"brz-section brz-css-1bmrcaw\">\n<div class=\"brz-section__content brz-section--fullWidth brz-css-v6k4tb brz-css-9ntejm\" data-brz-custom-id=\"akwrtsY9ujT3\">\n<div class=\"brz-container brz-css-ow2vqf brz-css-3x286u\">\n<div class=\"brz-row__container brz-css-1lvqsxk brz-css-gfjpru\" data-brz-custom-id=\"tL1xQ7uHDSBG\">\n<div class=\"brz-bg\"><\/div>\n<div class=\"brz-row brz-css-17252ye brz-css-164nhua\">\n<div class=\"brz-columns brz-css-a5zfbi brz-css-1q4xrjh brz-animated brz-css-1i0dfsc brz-css-g79p3i\" data-brz-iteration-count=\"1\" data-brz-custom-id=\"dNq2vRmeYeNj\">\n<div class=\"brz-bg\"><\/div>\n<div class=\"brz-column__items brz-css-1j6pen6 brz-css-4d21kc\">\n<div id=\"\" class=\"brz-css-175bxlz brz-css-1dsn464 brz-wrapper\">\n<div class=\"brz-image brz-css-1qn5fkb\" data-brz-custom-id=\"icIIoyslSrvK\"><img decoding=\"async\" class=\"brz-img\" src=\"https:\/\/rollingshield.com\/es\/?brizy_media=wp-3379929f96cfdc55b7b90a5f0c2045df.jpg&amp;brizy_crop=iW%3D393%26iH%3D556%26oX%3D0%26oY%3D0%26cW%3D393%26cH%3D556\" alt=\"\" \/><\/div>\n<\/div>\n<div class=\"brz-row__container brz-css-1lvqsxk\" data-brz-custom-id=\"eagH61b0bd58\">\n<div class=\"brz-bg\"><\/div>\n<div class=\"brz-row brz-row--inner brz-css-17252ye brz-css-rjwu3s\">\n<div class=\"brz-columns brz-css-a5zfbi brz-css-mni2yt\" data-brz-custom-id=\"ylFWKO1fxBZr\">\n<div class=\"brz-bg\">\n<div class=\"brz-bg-color\"><\/div>\n<\/div>\n<div class=\"brz-column__items brz-css-1j6pen6 brz-css-vwzic2\">\n<div class=\"brz-wrapper-clone brz-css-1gjmmry brz-css-13m4mh1\">\n<div class=\"brz-d-xs-flex brz-flex-xs-wrap brz-css-169py3k\" data-brz-custom-id=\"\">\n<div id=\"lCtl3pnCU52n\" class=\"brz-wrapper-clone__item\"><a class=\"brz-a brz-btn brz-css-1md3xel brz-css-avugvs brz-css-2xugra brz-css-wvwwtp\" target=\"_self\" rel=\"noopener\" data-brz-link-type=\"page\" data-brz-custom-id=\"lCtl3pnCU52n\"><span class=\"brz-span brz-text__editor\" data-brz-translate-text=\"1\">PRODUCTOS<\/span><\/a><\/div>\n<\/div>\n<\/div>\n<\/div>\n<\/div>\n<\/div>\n<\/div>\n<\/div>\n<p>&nbsp;<\/p>\n<\/div>\n<div class=\"brz-columns brz-css-a5zfbi brz-css-1hrbjt5 brz-animated brz-css-sl1qnt brz-css-1mpmu4s\" data-brz-iteration-count=\"1\" data-brz-custom-id=\"uNPZqhFtu6ML\">\n<div class=\"brz-bg\"><\/div>\n<div class=\"brz-column__items brz-css-1j6pen6 brz-css-1jke9q6\">\n<div id=\"\" class=\"brz-css-175bxlz brz-css-719i5t brz-wrapper\">\n<div class=\"brz-image brz-css-3rfwf9\" data-brz-custom-id=\"pUN9YxPZyOD4\"><img decoding=\"async\" class=\"brz-img\" src=\"https:\/\/rollingshield.com\/es\/?brizy_media=wp-361a51d3f272e8960c4cf13b1fce6ab3.jpg&amp;brizy_crop=iW%3D393%26iH%3D557%26oX%3D0%26oY%3D0%26cW%3D393%26cH%3D557\" alt=\"\" \/><\/div>\n<\/div>\n<div class=\"brz-row__container brz-css-1lvqsxk\" data-brz-custom-id=\"b8uvV78hj7gi\">\n<div class=\"brz-bg\"><\/div>\n<div class=\"brz-row brz-row--inner brz-css-17252ye brz-css-wzofw0\">\n<div class=\"brz-columns brz-css-a5zfbi brz-css-1skrign\" data-brz-custom-id=\"fjWkAXKlgOtz\">\n<div class=\"brz-bg\">\n<div class=\"brz-bg-color\"><\/div>\n<\/div>\n<div class=\"brz-column__items brz-css-1j6pen6 brz-css-vjvco7\">\n<div class=\"brz-wrapper-clone brz-css-1gjmmry brz-css-zi1v7t\">\n<div class=\"brz-d-xs-flex brz-flex-xs-wrap brz-css-169py3k\" data-brz-custom-id=\"\">\n<div id=\"d8tSGeiYvhAL\" class=\"brz-wrapper-clone__item\"><a class=\"brz-a brz-btn brz-css-1md3xel brz-css-1sl5dlz brz-css-2xugra brz-css-1k7nm7g\" target=\"_self\" rel=\"noopener\" data-brz-link-type=\"page\" data-brz-custom-id=\"d8tSGeiYvhAL\"><span class=\"brz-span brz-text__editor\" data-brz-translate-text=\"1\">TOLDOS<\/span><\/a><\/div>\n<\/div>\n<\/div>\n<\/div>\n<\/div>\n<\/div>\n<\/div>\n<\/div>\n<p>&nbsp;<\/p>\n<\/div>\n<div class=\"brz-columns brz-css-a5zfbi brz-css-lt4wyk brz-animated brz-css-90b8nj brz-css-dazcnq\" data-brz-iteration-count=\"1\" data-brz-custom-id=\"tm2qP6p0cyFr\">\n<div class=\"brz-bg\"><\/div>\n<div class=\"brz-column__items brz-css-1j6pen6 brz-css-1ixodjl\">\n<div id=\"\" class=\"brz-css-175bxlz brz-css-d2r3ze brz-wrapper\">\n<div class=\"brz-image brz-css-1y9m349\" data-brz-custom-id=\"rNVan54QLKJH\"><img decoding=\"async\" class=\"brz-img\" src=\"https:\/\/rollingshield.com\/es\/?brizy_media=wp-c85a0c2edf19f87447b89652872e8004.png&amp;brizy_crop=iW%3D429%26iH%3D556%26oX%3D18%26oY%3D0%26cW%3D393%26cH%3D556\" alt=\"\" \/><\/div>\n<\/div>\n<div class=\"brz-row__container brz-css-1lvqsxk\" data-brz-custom-id=\"iGJyIuKuAeVO\">\n<div class=\"brz-bg\"><\/div>\n<div class=\"brz-row brz-row--inner brz-css-17252ye brz-css-rjwu3s\">\n<div class=\"brz-columns brz-css-a5zfbi brz-css-1lz1t4\" data-brz-custom-id=\"mBqHpZJEH2wC\">\n<div class=\"brz-bg\">\n<div class=\"brz-bg-color\"><\/div>\n<\/div>\n<div class=\"brz-column__items brz-css-1j6pen6 brz-css-1mevv8\">\n<div class=\"brz-wrapper-clone brz-css-1gjmmry brz-css-1ks02uf\">\n<div class=\"brz-d-xs-flex brz-flex-xs-wrap brz-css-169py3k\" data-brz-custom-id=\"\">\n<div id=\"dHYy6xU7UEw3\" class=\"brz-wrapper-clone__item\"><a class=\"brz-a brz-btn brz-css-1md3xel brz-css-y5edbs brz-css-2xugra brz-css-18o1xk\" target=\"_self\" rel=\"noopener\" data-brz-link-type=\"page\" data-brz-custom-id=\"dHYy6xU7UEw3\"><span class=\"brz-span brz-text__editor\" data-brz-translate-text=\"1\">PERSIANAS<\/span><\/a><\/div>\n<\/div>\n<\/div>\n<\/div>\n<\/div>\n<\/div>\n<\/div>\n<\/div>\n<p>&nbsp;<\/p>\n<\/div>\n<div class=\"brz-columns brz-css-a5zfbi brz-css-ox8lft brz-animated brz-css-1rb8tjf brz-css-1qrblzy\" data-brz-iteration-count=\"1\" data-brz-custom-id=\"hq39kzOpAp_c\">\n<div class=\"brz-bg\"><\/div>\n<div class=\"brz-column__items brz-css-1j6pen6 brz-css-bpjisf\">\n<div id=\"\" class=\"brz-css-175bxlz brz-css-1ifyyae brz-wrapper\">\n<div class=\"brz-image brz-css-1cymb1d\" data-brz-custom-id=\"wCGrRD1vgS01\"><img decoding=\"async\" class=\"brz-img\" src=\"https:\/\/rollingshield.com\/es\/?brizy_media=wp-7cdc1eb8bd4b896fcfaf213df079012c.png&amp;brizy_crop=iW%3D429%26iH%3D556%26oX%3D18%26oY%3D0%26cW%3D393%26cH%3D556\" alt=\"\" \/><\/div>\n<\/div>\n<div class=\"brz-row__container brz-css-1lvqsxk\" data-brz-custom-id=\"j88oVA8yklyP\">\n<div class=\"brz-bg\"><\/div>\n<div class=\"brz-row brz-row--inner brz-css-17252ye brz-css-rjwu3s\">\n<div class=\"brz-columns brz-css-a5zfbi brz-css-6dt0qc\" data-brz-custom-id=\"nPDE6NruLV85\">\n<div class=\"brz-bg\">\n<div class=\"brz-bg-color\"><\/div>\n<\/div>\n<div class=\"brz-column__items brz-css-1j6pen6 brz-css-1pn0yl3\">\n<div class=\"brz-wrapper-clone brz-css-1gjmmry brz-css-13gzlo0\">\n<div class=\"brz-d-xs-flex brz-flex-xs-wrap brz-css-169py3k\" data-brz-custom-id=\"\">\n<div id=\"usDCgCuznYOG\" class=\"brz-wrapper-clone__item\"><a class=\"brz-a brz-btn brz-css-1md3xel brz-css-gh59s3 brz-css-2xugra brz-css-6piwh3\" target=\"_self\" rel=\"noopener\" data-brz-link-type=\"page\" data-brz-custom-id=\"usDCgCuznYOG\"><span class=\"brz-span brz-text__editor\" data-brz-translate-text=\"1\">ACCORDIONS<\/span><\/a><\/div>\n<\/div>\n<\/div>\n<\/div>\n<\/div>\n<\/div>\n<\/div>\n<\/div>\n<p>&nbsp;<\/p>\n<\/div>\n<\/div>\n<\/div>\n<\/div>\n<\/div>\n<\/section>\n<\/div>\n<p><!-- version:1742807970 --><\/p>\n","protected":false},"excerpt":{"rendered":"<p>Rollingshield es su socio en la industria de persianas contra huracanes Nos enorgullece pertenecer al mercado estadounidense desde 1993, como [&hellip;]<\/p>\n","protected":false},"author":1,"featured_media":5436,"parent":0,"menu_order":0,"comment_status":"closed","ping_status":"closed","template":"brizy-blank-template.php","meta":{"site-sidebar-layout":"default","site-content-layout":"","ast-site-content-layout":"default","site-content-style":"default","site-sidebar-style":"default","ast-global-header-display":"","ast-banner-title-visibility":"","ast-main-header-display":"","ast-hfb-above-header-display":"","ast-hfb-below-header-display":"","ast-hfb-mobile-header-display":"","site-post-title":"","ast-breadcrumbs-content":"","ast-featured-img":"","footer-sml-layout":"","theme-transparent-header-meta":"default","adv-header-id-meta":"","stick-header-meta":"","header-above-stick-meta":"","header-main-stick-meta":"","header-below-stick-meta":"","astra-migrate-meta-layouts":"set","ast-page-background-enabled":"default","ast-page-background-meta":{"desktop":{"background-color":"var(--ast-global-color-4)","background-image":"","background-repeat":"repeat","background-position":"center center","background-size":"auto","background-attachment":"scroll","background-type":"","background-media":"","overlay-type":"","overlay-color":"","overlay-opacity":"","overlay-gradient":""},"tablet":{"background-color":"","background-image":"","background-repeat":"repeat","background-position":"center center","background-size":"auto","background-attachment":"scroll","background-type":"","background-media":"","overlay-type":"","overlay-color":"","overlay-opacity":"","overlay-gradient":""},"mobile":{"background-color":"","background-image":"","background-repeat":"repeat","background-position":"center center","background-size":"auto","background-attachment":"scroll","background-type":"","background-media":"","overlay-type":"","overlay-color":"","overlay-opacity":"","overlay-gradient":""}},"ast-content-background-meta":{"desktop":{"background-color":"var(--ast-global-color-5)","background-image":"","background-repeat":"repeat","background-position":"center center","background-size":"auto","background-attachment":"scroll","background-type":"","background-media":"","overlay-type":"","overlay-color":"","overlay-opacity":"","overlay-gradient":""},"tablet":{"background-color":"var(--ast-global-color-5)","background-image":"","background-repeat":"repeat","background-position":"center center","background-size":"auto","background-attachment":"scroll","background-type":"","background-media":"","overlay-type":"","overlay-color":"","overlay-opacity":"","overlay-gradient":""},"mobile":{"background-color":"var(--ast-global-color-5)","background-image":"","background-repeat":"repeat","background-position":"center center","background-size":"auto","background-attachment":"scroll","background-type":"","background-media":"","overlay-type":"","overlay-color":"","overlay-opacity":"","overlay-gradient":""}},"footnotes":""},"class_list":["post-138","page","type-page","status-publish","has-post-thumbnail","hentry"],"yoast_head":"<!-- This site is optimized with the Yoast SEO plugin v26.6 - https:\/\/yoast.com\/wordpress\/plugins\/seo\/ -->\n<title>Cat\u00e1logos | Rolling Shield<\/title>\n<meta name=\"description\" content=\"Consulta y descarga nuestros cat\u00e1logos de productos con soluciones de alta calidad para protecci\u00f3n solar y espacios exteriores en Florida.\" \/>\n<meta name=\"robots\" content=\"index, follow, max-snippet:-1, max-image-preview:large, max-video-preview:-1\" \/>\n<link rel=\"canonical\" href=\"https:\/\/rollingshield.com\/es\/catalogos\/\" \/>\n<meta property=\"og:locale\" content=\"es_ES\" \/>\n<meta property=\"og:type\" content=\"article\" \/>\n<meta property=\"og:title\" content=\"Cat\u00e1logos | Rolling Shield\" \/>\n<meta property=\"og:description\" content=\"Consulta y descarga nuestros cat\u00e1logos de productos con soluciones de alta calidad para protecci\u00f3n solar y espacios exteriores en Florida.\" \/>\n<meta property=\"og:url\" content=\"https:\/\/rollingshield.com\/es\/catalogos\/\" \/>\n<meta property=\"og:site_name\" content=\"Rollingshield\" \/>\n<meta property=\"article:modified_time\" content=\"2025-12-17T10:11:20+00:00\" \/>\n<meta property=\"og:image\" content=\"https:\/\/rollingshield.com\/wp-content\/uploads\/2024\/03\/WhatsApp-Image-2024-03-25-at-21.35.57-1.jpeg\" \/>\n\t<meta property=\"og:image:width\" content=\"768\" \/>\n\t<meta property=\"og:image:height\" content=\"768\" \/>\n\t<meta property=\"og:image:type\" content=\"image\/jpeg\" \/>\n<meta name=\"twitter:card\" content=\"summary_large_image\" \/>\n<meta name=\"twitter:label1\" content=\"Tiempo de lectura\" \/>\n\t<meta name=\"twitter:data1\" content=\"2 minutos\" \/>\n<script type=\"application\/ld+json\" class=\"yoast-schema-graph\">{\"@context\":\"https:\/\/schema.org\",\"@graph\":[{\"@type\":\"WebPage\",\"@id\":\"https:\/\/rollingshield.com\/es\/catalogos\/\",\"url\":\"https:\/\/rollingshield.com\/es\/catalogos\/\",\"name\":\"Cat\u00e1logos | Rolling Shield\",\"isPartOf\":{\"@id\":\"https:\/\/rollingshield.com\/#website\"},\"primaryImageOfPage\":{\"@id\":\"https:\/\/rollingshield.com\/es\/catalogos\/#primaryimage\"},\"image\":{\"@id\":\"https:\/\/rollingshield.com\/es\/catalogos\/#primaryimage\"},\"thumbnailUrl\":\"https:\/\/rollingshield.com\/wp-content\/uploads\/2024\/03\/WhatsApp-Image-2024-03-25-at-21.35.57-1.jpeg\",\"datePublished\":\"2024-02-29T15:00:20+00:00\",\"dateModified\":\"2025-12-17T10:11:20+00:00\",\"description\":\"Consulta y descarga nuestros cat\u00e1logos de productos con soluciones de alta calidad para protecci\u00f3n solar y espacios exteriores en Florida.\",\"breadcrumb\":{\"@id\":\"https:\/\/rollingshield.com\/es\/catalogos\/#breadcrumb\"},\"inLanguage\":\"es\",\"potentialAction\":[{\"@type\":\"ReadAction\",\"target\":[\"https:\/\/rollingshield.com\/es\/catalogos\/\"]}]},{\"@type\":\"ImageObject\",\"inLanguage\":\"es\",\"@id\":\"https:\/\/rollingshield.com\/es\/catalogos\/#primaryimage\",\"url\":\"https:\/\/rollingshield.com\/wp-content\/uploads\/2024\/03\/WhatsApp-Image-2024-03-25-at-21.35.57-1.jpeg\",\"contentUrl\":\"https:\/\/rollingshield.com\/wp-content\/uploads\/2024\/03\/WhatsApp-Image-2024-03-25-at-21.35.57-1.jpeg\",\"width\":768,\"height\":768},{\"@type\":\"BreadcrumbList\",\"@id\":\"https:\/\/rollingshield.com\/es\/catalogos\/#breadcrumb\",\"itemListElement\":[{\"@type\":\"ListItem\",\"position\":1,\"name\":\"Portada\",\"item\":\"https:\/\/rollingshield.com\/es\/\"},{\"@type\":\"ListItem\",\"position\":2,\"name\":\"Cat\u00e1logos\"}]},{\"@type\":\"WebSite\",\"@id\":\"https:\/\/rollingshield.com\/#website\",\"url\":\"https:\/\/rollingshield.com\/\",\"name\":\"Rolling Shield\",\"description\":\"Awnings - Shutters - Screens - Shades\",\"publisher\":{\"@id\":\"https:\/\/rollingshield.com\/#organization\"},\"potentialAction\":[{\"@type\":\"SearchAction\",\"target\":{\"@type\":\"EntryPoint\",\"urlTemplate\":\"https:\/\/rollingshield.com\/?s={search_term_string}\"},\"query-input\":{\"@type\":\"PropertyValueSpecification\",\"valueRequired\":true,\"valueName\":\"search_term_string\"}}],\"inLanguage\":\"es\"},{\"@type\":\"Organization\",\"@id\":\"https:\/\/rollingshield.com\/#organization\",\"name\":\"Rolling Shield\",\"url\":\"https:\/\/rollingshield.com\/\",\"logo\":{\"@type\":\"ImageObject\",\"inLanguage\":\"es\",\"@id\":\"https:\/\/rollingshield.com\/#\/schema\/logo\/image\/\",\"url\":\"https:\/\/rollingshield.com\/wp-content\/uploads\/2024\/02\/cropped-rolling-logo.png\",\"contentUrl\":\"https:\/\/rollingshield.com\/wp-content\/uploads\/2024\/02\/cropped-rolling-logo.png\",\"width\":476,\"height\":100,\"caption\":\"Rolling Shield\"},\"image\":{\"@id\":\"https:\/\/rollingshield.com\/#\/schema\/logo\/image\/\"}}]}<\/script>\n<!-- \/ Yoast SEO plugin. -->","yoast_head_json":{"title":"Cat\u00e1logos | Rolling Shield","description":"Consulta y descarga nuestros cat\u00e1logos de productos con soluciones de alta calidad para protecci\u00f3n solar y espacios exteriores en Florida.","robots":{"index":"index","follow":"follow","max-snippet":"max-snippet:-1","max-image-preview":"max-image-preview:large","max-video-preview":"max-video-preview:-1"},"canonical":"https:\/\/rollingshield.com\/es\/catalogos\/","og_locale":"es_ES","og_type":"article","og_title":"Cat\u00e1logos | Rolling Shield","og_description":"Consulta y descarga nuestros cat\u00e1logos de productos con soluciones de alta calidad para protecci\u00f3n solar y espacios exteriores en Florida.","og_url":"https:\/\/rollingshield.com\/es\/catalogos\/","og_site_name":"Rollingshield","article_modified_time":"2025-12-17T10:11:20+00:00","og_image":[{"width":768,"height":768,"url":"https:\/\/rollingshield.com\/wp-content\/uploads\/2024\/03\/WhatsApp-Image-2024-03-25-at-21.35.57-1.jpeg","type":"image\/jpeg"}],"twitter_card":"summary_large_image","twitter_misc":{"Tiempo de lectura":"2 minutos"},"schema":{"@context":"https:\/\/schema.org","@graph":[{"@type":"WebPage","@id":"https:\/\/rollingshield.com\/es\/catalogos\/","url":"https:\/\/rollingshield.com\/es\/catalogos\/","name":"Cat\u00e1logos | Rolling Shield","isPartOf":{"@id":"https:\/\/rollingshield.com\/#website"},"primaryImageOfPage":{"@id":"https:\/\/rollingshield.com\/es\/catalogos\/#primaryimage"},"image":{"@id":"https:\/\/rollingshield.com\/es\/catalogos\/#primaryimage"},"thumbnailUrl":"https:\/\/rollingshield.com\/wp-content\/uploads\/2024\/03\/WhatsApp-Image-2024-03-25-at-21.35.57-1.jpeg","datePublished":"2024-02-29T15:00:20+00:00","dateModified":"2025-12-17T10:11:20+00:00","description":"Consulta y descarga nuestros cat\u00e1logos de productos con soluciones de alta calidad para protecci\u00f3n solar y espacios exteriores en Florida.","breadcrumb":{"@id":"https:\/\/rollingshield.com\/es\/catalogos\/#breadcrumb"},"inLanguage":"es","potentialAction":[{"@type":"ReadAction","target":["https:\/\/rollingshield.com\/es\/catalogos\/"]}]},{"@type":"ImageObject","inLanguage":"es","@id":"https:\/\/rollingshield.com\/es\/catalogos\/#primaryimage","url":"https:\/\/rollingshield.com\/wp-content\/uploads\/2024\/03\/WhatsApp-Image-2024-03-25-at-21.35.57-1.jpeg","contentUrl":"https:\/\/rollingshield.com\/wp-content\/uploads\/2024\/03\/WhatsApp-Image-2024-03-25-at-21.35.57-1.jpeg","width":768,"height":768},{"@type":"BreadcrumbList","@id":"https:\/\/rollingshield.com\/es\/catalogos\/#breadcrumb","itemListElement":[{"@type":"ListItem","position":1,"name":"Portada","item":"https:\/\/rollingshield.com\/es\/"},{"@type":"ListItem","position":2,"name":"Cat\u00e1logos"}]},{"@type":"WebSite","@id":"https:\/\/rollingshield.com\/#website","url":"https:\/\/rollingshield.com\/","name":"Rolling Shield","description":"Awnings - Shutters - Screens - Shades","publisher":{"@id":"https:\/\/rollingshield.com\/#organization"},"potentialAction":[{"@type":"SearchAction","target":{"@type":"EntryPoint","urlTemplate":"https:\/\/rollingshield.com\/?s={search_term_string}"},"query-input":{"@type":"PropertyValueSpecification","valueRequired":true,"valueName":"search_term_string"}}],"inLanguage":"es"},{"@type":"Organization","@id":"https:\/\/rollingshield.com\/#organization","name":"Rolling Shield","url":"https:\/\/rollingshield.com\/","logo":{"@type":"ImageObject","inLanguage":"es","@id":"https:\/\/rollingshield.com\/#\/schema\/logo\/image\/","url":"https:\/\/rollingshield.com\/wp-content\/uploads\/2024\/02\/cropped-rolling-logo.png","contentUrl":"https:\/\/rollingshield.com\/wp-content\/uploads\/2024\/02\/cropped-rolling-logo.png","width":476,"height":100,"caption":"Rolling Shield"},"image":{"@id":"https:\/\/rollingshield.com\/#\/schema\/logo\/image\/"}}]}},"brizy_media":[{"id":849,"url":"https:\/\/rollingshield.com\/wp-content\/uploads\/2024\/03\/awning-copia-1.jpg","name":"awning-copia-1.jpg","meta":{"brizy_attachment_uid":"wp-361a51d3f272e8960c4cf13b1fce6ab3.jpg","brizy_post_uid":["674e42d9fb53714ee35f70f0e95408ad"]}},{"id":850,"url":"https:\/\/rollingshield.com\/wp-content\/uploads\/2024\/03\/PRODUCTS.jpg","name":"PRODUCTS.jpg","meta":{"brizy_attachment_uid":"wp-3379929f96cfdc55b7b90a5f0c2045df.jpg","brizy_post_uid":["674e42d9fb53714ee35f70f0e95408ad"]}},{"id":851,"url":"https:\/\/rollingshield.com\/wp-content\/uploads\/2024\/03\/Recurso-1.png","name":"Recurso-1.png","meta":{"brizy_attachment_uid":"wp-c85a0c2edf19f87447b89652872e8004.png","brizy_post_uid":["674e42d9fb53714ee35f70f0e95408ad"]}},{"id":852,"url":"https:\/\/rollingshield.com\/wp-content\/uploads\/2024\/03\/Recurso-2.png","name":"Recurso-2.png","meta":{"brizy_attachment_uid":"wp-7cdc1eb8bd4b896fcfaf213df079012c.png","brizy_post_uid":["674e42d9fb53714ee35f70f0e95408ad"]}}],"_links":{"self":[{"href":"https:\/\/rollingshield.com\/es\/wp-json\/wp\/v2\/pages\/138","targetHints":{"allow":["GET"]}}],"collection":[{"href":"https:\/\/rollingshield.com\/es\/wp-json\/wp\/v2\/pages"}],"about":[{"href":"https:\/\/rollingshield.com\/es\/wp-json\/wp\/v2\/types\/page"}],"author":[{"embeddable":true,"href":"https:\/\/rollingshield.com\/es\/wp-json\/wp\/v2\/users\/1"}],"replies":[{"embeddable":true,"href":"https:\/\/rollingshield.com\/es\/wp-json\/wp\/v2\/comments?post=138"}],"version-history":[{"count":11,"href":"https:\/\/rollingshield.com\/es\/wp-json\/wp\/v2\/pages\/138\/revisions"}],"predecessor-version":[{"id":8981,"href":"https:\/\/rollingshield.com\/es\/wp-json\/wp\/v2\/pages\/138\/revisions\/8981"}],"wp:featuredmedia":[{"embeddable":true,"href":"https:\/\/rollingshield.com\/es\/wp-json\/wp\/v2\/media\/5436"}],"wp:attachment":[{"href":"https:\/\/rollingshield.com\/es\/wp-json\/wp\/v2\/media?parent=138"}],"curies":[{"name":"wp","href":"https:\/\/api.w.org\/{rel}","templated":true}]}}