{"id":147,"date":"2024-02-29T16:00:56","date_gmt":"2024-02-29T15:00:56","guid":{"rendered":"https:\/\/rollingshield.infofuturo.eu\/?page_id=147"},"modified":"2025-12-17T11:14:09","modified_gmt":"2025-12-17T10:14:09","slug":"distribuidores","status":"publish","type":"page","link":"https:\/\/rollingshield.com\/es\/distribuidores\/","title":{"rendered":"Distribuidores"},"content":{"rendered":"<div class=\"brz-root__container brz-reset-all brz brz-root__container-page\">\n<section id=\"_dJo9uXWz5L4S\" class=\"brz-section brz-css-tusqaq brz-css-g9a299\">\n<div class=\"brz-section__content brz-section--fullWidth brz-css-165e27c brz-css-16ez2uh\" data-brz-custom-id=\"hZwSMJPZmrk1\">\n<div class=\"brz-bg\">\n<div class=\"brz-bg-image\"><\/div>\n<div class=\"brz-bg-color\"><\/div>\n<\/div>\n<div class=\"brz-container brz-css-w0w8og brz-css-bk1882\">\n<div class=\"brz-row__container brz-css-azdxbt brz-css-1vop9oo\" data-brz-custom-id=\"d8mKyDx_YLRK\">\n<div class=\"brz-bg\">\n<div class=\"brz-bg-color\"><\/div>\n<\/div>\n<div class=\"brz-row brz-css-j9elwb brz-css-kdixbm\">\n<div class=\"brz-columns brz-css-1sm0wih brz-css-1dtuius\" data-brz-custom-id=\"dntTH0_Z1ihC\">\n<div class=\"brz-bg\">\n<div class=\"brz-bg-color\"><\/div>\n<\/div>\n<div class=\"brz-column__items brz-css-1hrll7z brz-css-1jhphmf\">\n<div id=\"\" class=\"brz-css-qjh362 brz-css-2mmttr brz-wrapper\">\n<div class=\"brz-rich-text brz-rich-text__custom brz-css-15gjst\" data-brz-custom-id=\"jJVMFawgEML4\">\n<div data-brz-translate-text=\"1\">\n<h3 class=\"brz-tp-lg-heading3 brz-text-lg-left brz-lh-sm-1 brz-ls-sm-0 brz-fw-sm-900 brz-fss-sm-px brz-fs-sm-60 ql-align-center brz-text-sm-center brz-ls-lg-0 brz-lh-lg-1 brz-vfw-lg-400 brz-fwdth-lg-100 brz-fsft-lg-0 brz-ff-blinker brz-ft-google brz-fs-lg-80 brz-fss-lg-px brz-fw-lg-900 brz-text-xs-center brz-fs-xs-28 brz-fss-xs-px brz-fw-xs-700 brz-ls-xs-m_1 brz-lh-xs-1 brz-vfw-xs-400 brz-fwdth-xs-100 brz-fsft-xs-0 brz-tp-xs-heading2 brz-tp-sm-heading1 brz-css-ldvSQ\" data-generated-css=\"brz-css-xFF4p\" data-uniq-id=\"eh3DQ\"><span class=\"brz-cp-color1\" style=\"background-color: transparent;\">CONVI\u00c9RTETE EN COLABORADOR<\/span><\/h3>\n<\/div>\n<\/div>\n<\/div>\n<\/div>\n<\/div>\n<div class=\"brz-columns brz-css-1sm0wih brz-css-1bzdxwt\" data-brz-custom-id=\"uv0hy6dSIJZ2\">\n<div class=\"brz-bg\">\n<div class=\"brz-bg-color\"><\/div>\n<\/div>\n<div class=\"brz-column__items brz-css-1hrll7z brz-css-1l1ipvm\">\n<div id=\"\" class=\"brz-css-qjh362 brz-css-1k4rh6m brz-wrapper\">\n<div class=\"brz-rich-text brz-rich-text__custom brz-css-15gjst\" data-brz-custom-id=\"gJ9g7Z_Sby0K\">\n<div data-brz-translate-text=\"1\">\n<p class=\"brz-tp-lg-paragraph brz-ff-overpass brz-ft-google brz-fs-lg-20 brz-fss-lg-px brz-fw-lg-400 brz-ls-lg-0 brz-lh-lg-1_2 brz-vfw-lg-400 brz-fwdth-lg-100 brz-fsft-lg-0 brz-lh-sm-1_2 brz-ls-sm-0 brz-fw-sm-400 brz-fss-sm-px brz-fs-sm-18 ql-align-center brz-text-lg-left brz-text-xs-center brz-tp-sm-paragraph brz-text-sm-center brz-css-vej2w\" data-uniq-id=\"pwaGv\" data-generated-css=\"brz-css-oCteF\"><span class=\"brz-cp-color2\" style=\"background-color: transparent;\">Estamos reclutando una red profesional de distribuidores para repartir nuestros productos en todo el pa\u00eds.<\/span><\/p>\n<p class=\"brz-lh-sm-1_2 brz-ls-sm-0 brz-fw-sm-400 brz-fss-sm-px brz-fs-sm-18 ql-align-center brz-text-lg-left brz-fs-lg-20 brz-lh-lg-1_2 brz-tp-lg-paragraph brz-ff-overpass brz-ft-google brz-fss-lg-px brz-fw-lg-400 brz-ls-lg-0 brz-vfw-lg-400 brz-fwdth-lg-100 brz-fsft-lg-0 brz-text-xs-center brz-tp-sm-paragraph brz-text-sm-center brz-css-cDFig\" data-uniq-id=\"yQOoU\" data-generated-css=\"brz-css-iFBT2\"><span class=\"brz-cp-color2\" style=\"background-color: transparent;\">Rollingshield es una empresa con un importante compromiso hacia todos sus socios. Ofrecemos una completa instrucci\u00f3n de asesoramiento t\u00e9cnico y excelentes acuerdos financieros.<\/span><\/p>\n<\/div>\n<\/div>\n<\/div>\n<\/div>\n<\/div>\n<\/div>\n<\/div>\n<\/div>\n<\/div>\n<\/section>\n<section id=\"_mrsKCA4iKtP5\" class=\"brz-section brz-css-tusqaq\">\n<div class=\"brz-section__content brz-section--fullWidth brz-css-165e27c brz-css-kgw1u\" data-brz-custom-id=\"cKajY3z_dtHf\">\n<div class=\"brz-bg\">\n<div class=\"brz-bg-color\"><\/div>\n<\/div>\n<div class=\"brz-container brz-css-w0w8og brz-css-ivn1t\">\n<div class=\"brz-row__container brz-css-azdxbt brz-css-1skvpuy\" data-brz-custom-id=\"db7gYvWm76RN\">\n<div class=\"brz-bg\">\n<div class=\"brz-bg-color\"><\/div>\n<\/div>\n<div class=\"brz-row brz-css-j9elwb brz-css-1nk2mho\">\n<div class=\"brz-columns brz-css-1sm0wih brz-css-1ccg9lb\" data-brz-custom-id=\"dL8m5FyEFwSZ\">\n<div class=\"brz-bg\">\n<div class=\"brz-bg-color\"><\/div>\n<\/div>\n<div class=\"brz-column__items brz-css-1hrll7z brz-css-685hm3\">\n<div id=\"\" class=\"brz-css-qjh362 brz-css-1xhxwi9 brz-wrapper\">\n<div class=\"brz-lottie brz-css-1akf5c brz-css-18xup1w\">\n<div class=\"brz-lottie-anim\" data-animate-name=\"https:\/\/lottie.host\/27e16ff7-118e-4c5f-8f15-dd1281258bf1\/AFZgcrSCOh.json\" data-anim-speed=\"1\" data-anim-loop=\"true\" data-anim-autoplay=\"true\" data-anim-direction=\"1\" data-render-type=\"svg\" data-anim-trigger=\"onLoad\" data-anim-load=\"true\" data-lottie-file=\"false\"><\/div>\n<\/div>\n<\/div>\n<div id=\"\" class=\"brz-css-qjh362 brz-css-1s21ow brz-wrapper\">\n<div class=\"brz-rich-text brz-rich-text__custom brz-css-15gjst\" data-brz-custom-id=\"qVilNujXRVJq\">\n<div data-brz-translate-text=\"1\">\n<h3 class=\"brz-fsft-lg-0 brz-fwdth-lg-100 brz-vfw-lg-400 brz-ls-lg-0 brz-fw-lg-400 brz-fss-lg-px brz-ft-google brz-ff-overpass brz-lh-lg-1_2 brz-fs-lg-20 brz-text-lg-left ql-align-center brz-text-sm-center brz-tp-sm-empty brz-fs-sm-18 brz-fss-sm-px brz-fw-sm-400 brz-ls-sm-0 brz-lh-sm-1_2 brz-tp-lg-heading3 brz-tp-xs-heading4 brz-text-xs-center brz-css-cMkMQ\" data-generated-css=\"brz-css-zfOnz\" data-uniq-id=\"zu9JO\"><span class=\"brz-cp-color7\" style=\"background-color: transparent;\">P\u00f3ngase en contacto con nosotros si est\u00e1 interesado en vender nuestros productos. Podemos establecer una relaci\u00f3n comercial con distribuidores de cualquier lugar de los Estados Unidos o incluso si se encuentra en otro pa\u00eds.<\/span><\/h3>\n<\/div>\n<\/div>\n<\/div>\n<div id=\"\" class=\"brz-css-qjh362 brz-css-ett623 brz-wrapper\">\n<div class=\"brz-rich-text brz-rich-text__custom brz-css-15gjst\" data-brz-custom-id=\"wAODaQDd48Lq\">\n<div data-brz-translate-text=\"1\">\n<p class=\"brz-tp-lg-paragraph brz-lh-xs-1_3 brz-ls-xs-0 brz-fw-xs-400 brz-fss-xs-px brz-fs-xs-16 brz-lh-sm-1_2 brz-ls-sm-0 brz-fw-sm-400 brz-fss-sm-px brz-fs-sm-18 brz-tp-sm-empty brz-text-sm-center ql-align-center brz-text-lg-left brz-fs-lg-20 brz-lh-lg-1_2 brz-ff-overpass brz-ft-google brz-fss-lg-px brz-fw-lg-400 brz-ls-lg-0 brz-vfw-lg-400 brz-fwdth-lg-100 brz-fsft-lg-0 brz-tp-xs-paragraph brz-text-xs-center brz-css-aeTv2\" data-uniq-id=\"twUTq\" data-generated-css=\"brz-css-uW4Yk\"><span class=\"brz-cp-color2\" style=\"background-color: transparent;\">Tambi\u00e9n exportamos nuestros productos a todas las islas del Caribe.<\/span><\/p>\n<\/div>\n<\/div>\n<\/div>\n<\/div>\n<\/div>\n<div class=\"brz-columns brz-css-1sm0wih brz-css-k7mico\" data-brz-custom-id=\"lNMewlBnEiFu\">\n<div class=\"brz-bg\">\n<div class=\"brz-bg-color\"><\/div>\n<\/div>\n<div class=\"brz-column__items brz-css-1hrll7z brz-css-zyict1\">\n<div id=\"\" class=\"brz-css-qjh362 brz-css-llbh71 brz-wrapper\">\n<div class=\"brz-forms2 brz-css-1j1nqoa brz-css-u8nvju\" data-brz-form-version=\"2\" data-brz-custom-id=\"wPTZNZZdw5rR\">\n<div class=\"brz-forms2__item brz-css-dxidi4 brz-css-1ftkstg brz-css-1wmlwov brz-css-1dq2fcp\" data-brz-translate-text=\"1\"><label class=\"brz-label brz-forms2__field-label\" for=\"xtT9cVPs4ppv_\">NOMBRE DE LA COMPA\u00d1\u00cdA<\/label><\/div>\n<div class=\"brz-forms2__item brz-css-dxidi4 brz-css-1ftkstg brz-css-1wmlwov brz-css-1ehi9yh\" data-brz-translate-text=\"1\"><label class=\"brz-label brz-forms2__field-label\" for=\"su1v59XANFnl_\">PERSONA DE CONTACTO<\/label><\/div>\n<div class=\"brz-forms2__item brz-css-dxidi4 brz-css-1ftkstg brz-css-1wmlwov brz-css-4itcsx\" data-brz-translate-text=\"1\"><label class=\"brz-label brz-forms2__field-label\" for=\"vgBDYVikaKwO_\">EMAIL<\/label><\/div>\n<div class=\"brz-forms2__item brz-css-dxidi4 brz-css-1ftkstg brz-css-1wmlwov brz-css-1rt6smp\" data-brz-translate-text=\"1\"><label class=\"brz-label brz-forms2__field-label\" for=\"xzteuqKKsOqp_\">DIRECCI\u00d3N<\/label><\/div>\n<div class=\"brz-forms2__item brz-css-dxidi4 brz-css-1ftkstg brz-css-1wmlwov brz-css-wl1ec1\" data-brz-translate-text=\"1\"><label class=\"brz-label brz-forms2__field-label\" for=\"irggYIgGFN11_\">TEL\u00c9FONO<\/label><\/div>\n<div class=\"brz-forms2__item brz-css-dxidi4 brz-css-1ftkstg brz-css-1wmlwov brz-css-38hprq\" data-brz-translate-text=\"1\"><label class=\"brz-label brz-forms2__field-label\" for=\"iHHV8gZ2Bkh8_\">MENSAJE<\/label><textarea id=\"iHHV8gZ2Bkh8_\" class=\"brz-textarea brz-forms2__field brz-forms2__field-paragraph\" name=\"dd7E1ELit9BS\" data-brz-type=\"Paragraph\" data-brz-label=\"MENSAJE\" data-brz-placeholder=\"\"><\/textarea><\/div>\n<div class=\"brz-forms2__item brz-css-dxidi4 brz-css-1ftkstg brz-css-1wmlwov brz-css-171b0w9\" data-brz-translate-text=\"1\">\n<p>&nbsp;<\/p>\n<div class=\"brz-forms2__field brz-forms2__checkbox\">\n<div class=\"brz-control__check-group brz-forms2__checkbox-options\">\n<div class=\"brz-control__check-group-option brz-forms2__checkbox-option\" data-brz-translate-text=\"1\">\n<p>&nbsp;<\/p>\n<div class=\"brz-control__check-group-icon brz-control__check-group--check\"><\/div>\n<div class=\"brz-control__check-group-icon brz-control__check-group--uncheck\"><\/div>\n<p><span class=\"brz-forms2__checkbox-option-name brz-span\">Acepto la Pol\u00edtica de Privacidad<\/span><\/p>\n<\/div>\n<\/div>\n<\/div>\n<\/div>\n<div class=\"brz-forms2 brz-forms2__item brz-forms2__item-button\" data-brz-custom-id=\"wPTZNZZdw5rR\"><button class=\"brz-btn brz-btn-submit brz-css-hbih1k brz-css-bvs33x\" data-brz-custom-id=\"wK6eLnZ60xSY\"><span class=\"brz-span brz-text__editor\" data-brz-translate-text=\"1\">ENVIAR<\/span><\/button><\/div>\n<div class=\"brz-g-recaptcha\" data-sitekey=\"\" data-size=\"invisible\" data-callback=\"brzFormV2Captcha\"><\/div>\n<\/div>\n<\/div>\n<div id=\"\" class=\"brz-css-qjh362 brz-css-11s1orl brz-wrapper\">\n<div class=\"brz-rich-text brz-rich-text__custom brz-css-15gjst\" data-brz-custom-id=\"yTF9NQWSGBhi\">\n<div data-brz-translate-text=\"1\">\n<p class=\"brz-tp-lg-paragraph brz-text-lg-right brz-css-z4tbT\" data-uniq-id=\"qhLIJ\" data-generated-css=\"brz-css-cahwg\"><em class=\"brz-cp-color7\">Ver Pol\u00edtica de Privacidad<\/em><\/p>\n<\/div>\n<\/div>\n<\/div>\n<\/div>\n<\/div>\n<\/div>\n<\/div>\n<\/div>\n<\/div>\n<\/section>\n<\/div>\n<p><!-- version:1737369748 --><\/p>\n","protected":false},"excerpt":{"rendered":"<p>CONVI\u00c9RTETE EN COLABORADOR Estamos reclutando una red profesional de distribuidores para repartir nuestros productos en todo el pa\u00eds. Rollingshield es [&hellip;]<\/p>\n","protected":false},"author":1,"featured_media":0,"parent":0,"menu_order":0,"comment_status":"closed","ping_status":"closed","template":"brizy-blank-template.php","meta":{"site-sidebar-layout":"default","site-content-layout":"","ast-site-content-layout":"default","site-content-style":"default","site-sidebar-style":"default","ast-global-header-display":"","ast-banner-title-visibility":"","ast-main-header-display":"","ast-hfb-above-header-display":"","ast-hfb-below-header-display":"","ast-hfb-mobile-header-display":"","site-post-title":"","ast-breadcrumbs-content":"","ast-featured-img":"","footer-sml-layout":"","theme-transparent-header-meta":"default","adv-header-id-meta":"","stick-header-meta":"","header-above-stick-meta":"","header-main-stick-meta":"","header-below-stick-meta":"","astra-migrate-meta-layouts":"set","ast-page-background-enabled":"default","ast-page-background-meta":{"desktop":{"background-color":"var(--ast-global-color-4)","background-image":"","background-repeat":"repeat","background-position":"center center","background-size":"auto","background-attachment":"scroll","background-type":"","background-media":"","overlay-type":"","overlay-color":"","overlay-opacity":"","overlay-gradient":""},"tablet":{"background-color":"","background-image":"","background-repeat":"repeat","background-position":"center center","background-size":"auto","background-attachment":"scroll","background-type":"","background-media":"","overlay-type":"","overlay-color":"","overlay-opacity":"","overlay-gradient":""},"mobile":{"background-color":"","background-image":"","background-repeat":"repeat","background-position":"center center","background-size":"auto","background-attachment":"scroll","background-type":"","background-media":"","overlay-type":"","overlay-color":"","overlay-opacity":"","overlay-gradient":""}},"ast-content-background-meta":{"desktop":{"background-color":"var(--ast-global-color-5)","background-image":"","background-repeat":"repeat","background-position":"center center","background-size":"auto","background-attachment":"scroll","background-type":"","background-media":"","overlay-type":"","overlay-color":"","overlay-opacity":"","overlay-gradient":""},"tablet":{"background-color":"var(--ast-global-color-5)","background-image":"","background-repeat":"repeat","background-position":"center center","background-size":"auto","background-attachment":"scroll","background-type":"","background-media":"","overlay-type":"","overlay-color":"","overlay-opacity":"","overlay-gradient":""},"mobile":{"background-color":"var(--ast-global-color-5)","background-image":"","background-repeat":"repeat","background-position":"center center","background-size":"auto","background-attachment":"scroll","background-type":"","background-media":"","overlay-type":"","overlay-color":"","overlay-opacity":"","overlay-gradient":""}},"footnotes":""},"class_list":["post-147","page","type-page","status-publish","hentry"],"yoast_head":"<!-- This site is optimized with the Yoast SEO plugin v26.6 - https:\/\/yoast.com\/wordpress\/plugins\/seo\/ -->\n<title>Distribuidores | Convi\u00e9rtete en Partner de Rolling Shield<\/title>\n<meta name=\"description\" content=\"\u00danete a nuestra red de distribuidores autorizados y comercializa toldos, persianas, pantallas y soluciones de protecci\u00f3n de alta calidad en todo el pa\u00eds.\" \/>\n<meta name=\"robots\" content=\"index, follow, max-snippet:-1, max-image-preview:large, max-video-preview:-1\" \/>\n<link rel=\"canonical\" href=\"https:\/\/rollingshield.com\/es\/distribuidores\/\" \/>\n<meta property=\"og:locale\" content=\"es_ES\" \/>\n<meta property=\"og:type\" content=\"article\" \/>\n<meta property=\"og:title\" content=\"Distribuidores | Convi\u00e9rtete en Partner de Rolling Shield\" \/>\n<meta property=\"og:description\" content=\"\u00danete a nuestra red de distribuidores autorizados y comercializa toldos, persianas, pantallas y soluciones de protecci\u00f3n de alta calidad en todo el pa\u00eds.\" \/>\n<meta property=\"og:url\" content=\"https:\/\/rollingshield.com\/es\/distribuidores\/\" \/>\n<meta property=\"og:site_name\" content=\"Rollingshield\" \/>\n<meta property=\"article:modified_time\" content=\"2025-12-17T10:14:09+00:00\" \/>\n<meta name=\"twitter:card\" content=\"summary_large_image\" \/>\n<meta name=\"twitter:label1\" content=\"Tiempo de lectura\" \/>\n\t<meta name=\"twitter:data1\" content=\"1 minuto\" \/>\n<script type=\"application\/ld+json\" class=\"yoast-schema-graph\">{\"@context\":\"https:\/\/schema.org\",\"@graph\":[{\"@type\":\"WebPage\",\"@id\":\"https:\/\/rollingshield.com\/es\/distribuidores\/\",\"url\":\"https:\/\/rollingshield.com\/es\/distribuidores\/\",\"name\":\"Distribuidores | Convi\u00e9rtete en Partner de Rolling Shield\",\"isPartOf\":{\"@id\":\"https:\/\/rollingshield.com\/#website\"},\"datePublished\":\"2024-02-29T15:00:56+00:00\",\"dateModified\":\"2025-12-17T10:14:09+00:00\",\"description\":\"\u00danete a nuestra red de distribuidores autorizados y comercializa toldos, persianas, pantallas y soluciones de protecci\u00f3n de alta calidad en todo el pa\u00eds.\",\"breadcrumb\":{\"@id\":\"https:\/\/rollingshield.com\/es\/distribuidores\/#breadcrumb\"},\"inLanguage\":\"es\",\"potentialAction\":[{\"@type\":\"ReadAction\",\"target\":[\"https:\/\/rollingshield.com\/es\/distribuidores\/\"]}]},{\"@type\":\"BreadcrumbList\",\"@id\":\"https:\/\/rollingshield.com\/es\/distribuidores\/#breadcrumb\",\"itemListElement\":[{\"@type\":\"ListItem\",\"position\":1,\"name\":\"Portada\",\"item\":\"https:\/\/rollingshield.com\/es\/\"},{\"@type\":\"ListItem\",\"position\":2,\"name\":\"Distribuidores\"}]},{\"@type\":\"WebSite\",\"@id\":\"https:\/\/rollingshield.com\/#website\",\"url\":\"https:\/\/rollingshield.com\/\",\"name\":\"Rolling Shield\",\"description\":\"Awnings - Shutters - Screens - Shades\",\"publisher\":{\"@id\":\"https:\/\/rollingshield.com\/#organization\"},\"potentialAction\":[{\"@type\":\"SearchAction\",\"target\":{\"@type\":\"EntryPoint\",\"urlTemplate\":\"https:\/\/rollingshield.com\/?s={search_term_string}\"},\"query-input\":{\"@type\":\"PropertyValueSpecification\",\"valueRequired\":true,\"valueName\":\"search_term_string\"}}],\"inLanguage\":\"es\"},{\"@type\":\"Organization\",\"@id\":\"https:\/\/rollingshield.com\/#organization\",\"name\":\"Rolling Shield\",\"url\":\"https:\/\/rollingshield.com\/\",\"logo\":{\"@type\":\"ImageObject\",\"inLanguage\":\"es\",\"@id\":\"https:\/\/rollingshield.com\/#\/schema\/logo\/image\/\",\"url\":\"https:\/\/rollingshield.com\/wp-content\/uploads\/2024\/02\/cropped-rolling-logo.png\",\"contentUrl\":\"https:\/\/rollingshield.com\/wp-content\/uploads\/2024\/02\/cropped-rolling-logo.png\",\"width\":476,\"height\":100,\"caption\":\"Rolling Shield\"},\"image\":{\"@id\":\"https:\/\/rollingshield.com\/#\/schema\/logo\/image\/\"}}]}<\/script>\n<!-- \/ Yoast SEO plugin. -->","yoast_head_json":{"title":"Distribuidores | Convi\u00e9rtete en Partner de Rolling Shield","description":"\u00danete a nuestra red de distribuidores autorizados y comercializa toldos, persianas, pantallas y soluciones de protecci\u00f3n de alta calidad en todo el pa\u00eds.","robots":{"index":"index","follow":"follow","max-snippet":"max-snippet:-1","max-image-preview":"max-image-preview:large","max-video-preview":"max-video-preview:-1"},"canonical":"https:\/\/rollingshield.com\/es\/distribuidores\/","og_locale":"es_ES","og_type":"article","og_title":"Distribuidores | Convi\u00e9rtete en Partner de Rolling Shield","og_description":"\u00danete a nuestra red de distribuidores autorizados y comercializa toldos, persianas, pantallas y soluciones de protecci\u00f3n de alta calidad en todo el pa\u00eds.","og_url":"https:\/\/rollingshield.com\/es\/distribuidores\/","og_site_name":"Rollingshield","article_modified_time":"2025-12-17T10:14:09+00:00","twitter_card":"summary_large_image","twitter_misc":{"Tiempo de lectura":"1 minuto"},"schema":{"@context":"https:\/\/schema.org","@graph":[{"@type":"WebPage","@id":"https:\/\/rollingshield.com\/es\/distribuidores\/","url":"https:\/\/rollingshield.com\/es\/distribuidores\/","name":"Distribuidores | Convi\u00e9rtete en Partner de Rolling Shield","isPartOf":{"@id":"https:\/\/rollingshield.com\/#website"},"datePublished":"2024-02-29T15:00:56+00:00","dateModified":"2025-12-17T10:14:09+00:00","description":"\u00danete a nuestra red de distribuidores autorizados y comercializa toldos, persianas, pantallas y soluciones de protecci\u00f3n de alta calidad en todo el pa\u00eds.","breadcrumb":{"@id":"https:\/\/rollingshield.com\/es\/distribuidores\/#breadcrumb"},"inLanguage":"es","potentialAction":[{"@type":"ReadAction","target":["https:\/\/rollingshield.com\/es\/distribuidores\/"]}]},{"@type":"BreadcrumbList","@id":"https:\/\/rollingshield.com\/es\/distribuidores\/#breadcrumb","itemListElement":[{"@type":"ListItem","position":1,"name":"Portada","item":"https:\/\/rollingshield.com\/es\/"},{"@type":"ListItem","position":2,"name":"Distribuidores"}]},{"@type":"WebSite","@id":"https:\/\/rollingshield.com\/#website","url":"https:\/\/rollingshield.com\/","name":"Rolling Shield","description":"Awnings - Shutters - Screens - Shades","publisher":{"@id":"https:\/\/rollingshield.com\/#organization"},"potentialAction":[{"@type":"SearchAction","target":{"@type":"EntryPoint","urlTemplate":"https:\/\/rollingshield.com\/?s={search_term_string}"},"query-input":{"@type":"PropertyValueSpecification","valueRequired":true,"valueName":"search_term_string"}}],"inLanguage":"es"},{"@type":"Organization","@id":"https:\/\/rollingshield.com\/#organization","name":"Rolling Shield","url":"https:\/\/rollingshield.com\/","logo":{"@type":"ImageObject","inLanguage":"es","@id":"https:\/\/rollingshield.com\/#\/schema\/logo\/image\/","url":"https:\/\/rollingshield.com\/wp-content\/uploads\/2024\/02\/cropped-rolling-logo.png","contentUrl":"https:\/\/rollingshield.com\/wp-content\/uploads\/2024\/02\/cropped-rolling-logo.png","width":476,"height":100,"caption":"Rolling Shield"},"image":{"@id":"https:\/\/rollingshield.com\/#\/schema\/logo\/image\/"}}]}},"brizy_media":[{"id":743,"url":"https:\/\/rollingshield.com\/wp-content\/uploads\/2024\/03\/vista-aerea-intercambio-autopista-vacia-desaparicion-trafico-puente-calles-carreteras-carriles-encrucijadas-coches-newark-nj-ee-copia.webp","name":"vista-aerea-intercambio-autopista-vacia-desaparicion-trafico-puente-calles-carreteras-carriles-encrucijadas-coches-newark-nj-ee-copia.webp","meta":{"brizy_attachment_uid":"wp-dedce7d15a050b0281f71ec88d401d35.webp","brizy_post_uid":["f1d10685a553baf3fa03296d5faa56c8"]}}],"_links":{"self":[{"href":"https:\/\/rollingshield.com\/es\/wp-json\/wp\/v2\/pages\/147","targetHints":{"allow":["GET"]}}],"collection":[{"href":"https:\/\/rollingshield.com\/es\/wp-json\/wp\/v2\/pages"}],"about":[{"href":"https:\/\/rollingshield.com\/es\/wp-json\/wp\/v2\/types\/page"}],"author":[{"embeddable":true,"href":"https:\/\/rollingshield.com\/es\/wp-json\/wp\/v2\/users\/1"}],"replies":[{"embeddable":true,"href":"https:\/\/rollingshield.com\/es\/wp-json\/wp\/v2\/comments?post=147"}],"version-history":[{"count":1,"href":"https:\/\/rollingshield.com\/es\/wp-json\/wp\/v2\/pages\/147\/revisions"}],"predecessor-version":[{"id":8983,"href":"https:\/\/rollingshield.com\/es\/wp-json\/wp\/v2\/pages\/147\/revisions\/8983"}],"wp:attachment":[{"href":"https:\/\/rollingshield.com\/es\/wp-json\/wp\/v2\/media?parent=147"}],"curies":[{"name":"wp","href":"https:\/\/api.w.org\/{rel}","templated":true}]}}