{"id":678,"date":"2024-03-04T16:25:53","date_gmt":"2024-03-04T15:25:53","guid":{"rendered":"https:\/\/rollingshield.infofuturo.eu\/?page_id=678"},"modified":"2026-02-04T17:00:02","modified_gmt":"2026-02-04T16:00:02","slug":"productos","status":"publish","type":"page","link":"https:\/\/rollingshield.com\/es\/productos\/","title":{"rendered":"Productos"},"content":{"rendered":"<div class=\"brz-root__container brz-reset-all brz brz-root__container-page\">\n<section id=\"_jRahlIZbV_eM\" class=\"brz-section brz-css-1g00nqa\">\n<div class=\"brz-section__content brz-section--fullWidth brz-css-15z15v4 brz-css-hah4s6\" data-brz-custom-id=\"a6ElFN76rnOu\">\n<div class=\"brz-bg\">\n<div class=\"brz-bg-color\"><\/div>\n<\/div>\n<div class=\"brz-container brz-css-125sl3g brz-css-4ewnem\">\n<div class=\"brz-row__container brz-css-1vi6gww\" data-brz-custom-id=\"apd_1peHuMMb\">\n<div class=\"brz-bg\"><\/div>\n<div class=\"brz-row brz-css-1kuex87 brz-css-7wtdxq\">\n<div class=\"brz-columns brz-css-6kyxr4 brz-css-v3w9yl\" data-brz-custom-id=\"yXbheIia2kAA\">\n<div class=\"brz-bg\"><\/div>\n<div class=\"brz-column__items brz-css-1jzji1m brz-css-1n8o7er\">\n<div id=\"\" class=\"brz-css-szdnur brz-css-12d3vml brz-wrapper\">\n<div class=\"brz-rich-text brz-rich-text__custom brz-css-11mxkn8\" data-brz-custom-id=\"tR4R6dzOTy7_\">\n<div data-brz-translate-text=\"1\">\n<h3 class=\"brz-fw-lg-400 brz-fss-lg-px brz-fs-lg-14 brz-ft-google brz-ff-roboto brz-fsft-lg-0 brz-fwdth-lg-100 brz-vfw-lg-400 brz-lh-lg-1_9 brz-ls-lg-0_5 brz-tp-lg-heading3 brz-text-xs-center brz-tp-xs-heading2 brz-css-iS59A\" data-uniq-id=\"a80Dl\" data-generated-css=\"brz-css-i3MQT\"><span class=\"brz-cp-color2\">PRODUCTOS<\/span><\/h3>\n<\/div>\n<\/div>\n<\/div>\n<\/div>\n<\/div>\n<div class=\"brz-columns brz-css-6kyxr4 brz-css-fwxsow\" data-brz-custom-id=\"t8W2NgoPRI6L\">\n<div class=\"brz-bg\"><\/div>\n<div class=\"brz-column__items brz-css-1jzji1m brz-css-19hrxur\">\n<div id=\"\" class=\"brz-css-szdnur brz-css-gsxzte brz-wrapper\">\n<div class=\"brz-rich-text brz-rich-text__custom brz-css-11mxkn8\" data-brz-custom-id=\"rVViOwhBV3zH\">\n<div data-brz-translate-text=\"1\">\n<p class=\"brz-fsft-lg-0 brz-fwdth-lg-100 brz-vfw-lg-400 brz-lh-lg-1_9 brz-ls-lg-0 brz-fw-lg-400 brz-fss-lg-px brz-fs-lg-15 brz-ft-google brz-ff-overpass brz-tp-lg-paragraph brz-text-xs-center brz-css-vGc2J\" data-generated-css=\"brz-css-pMWXD\" data-uniq-id=\"hqW8y\"><span class=\"brz-cp-color2\">Compromiso con la innovaci\u00f3n y la durabilidad, ofrecemos un portfolio diverso que responde a las exigencias de seguridad y estilo, consolid\u00e1ndonos como l\u00edderes en soluciones integrales para el confort y la protecci\u00f3n de tu hogar.<\/span><\/p>\n<\/div>\n<\/div>\n<\/div>\n<\/div>\n<\/div>\n<div class=\"brz-columns brz-css-6kyxr4 brz-css-6hxyhf\" data-brz-custom-id=\"mE9hhfBp4uxL\">\n<div class=\"brz-bg\"><\/div>\n<div class=\"brz-column__items brz-css-1jzji1m brz-css-ila943\">\n<div id=\"\" class=\"brz-css-szdnur brz-css-dxt9nb brz-wrapper\">\n<div class=\"brz-spacer brz-css-392f4y brz-css-mpnn0c\"><\/div>\n<\/div>\n<\/div>\n<\/div>\n<\/div>\n<\/div>\n<div id=\"\" class=\"brz-css-szdnur brz-css-dxt9nb brz-css-1cckh06 brz-wrapper\">\n<div class=\"brz-spacer brz-css-392f4y brz-css-82alk1\"><\/div>\n<\/div>\n<div class=\"brz-row__container brz-css-1vi6gww brz-css-1rnuc8g\" data-brz-custom-id=\"tHrf1q9Uqmdx\">\n<div class=\"brz-bg\"><\/div>\n<div class=\"brz-row brz-css-1kuex87 brz-css-162ake6\">\n<div class=\"brz-columns brz-css-6kyxr4 brz-css-1u6q9le\" data-brz-custom-id=\"ck3MgPa5YUjd\">\n<div class=\"brz-bg\">\n<div class=\"brz-bg-image\"><\/div>\n<\/div>\n<div class=\"brz-column__items brz-css-1jzji1m brz-css-1kvx5z6\">\n<div class=\"brz-row__container brz-css-1vi6gww\" data-brz-custom-id=\"vdwaDbCkz_gl\">\n<div class=\"brz-bg\"><\/div>\n<div class=\"brz-row brz-row--inner brz-css-1kuex87 brz-css-qfnng3\">\n<div class=\"brz-columns brz-css-6kyxr4 brz-css-htwwde\" data-brz-custom-id=\"gT6RzaXC7rOk\">\n<div class=\"brz-bg\"><\/div>\n<div class=\"brz-column__items brz-css-1jzji1m\">\n<div id=\"\" class=\"brz-css-szdnur brz-css-dxt9nb brz-wrapper\">\n<div class=\"brz-spacer brz-css-392f4y brz-css-ekhktt\"><\/div>\n<\/div>\n<\/div>\n<\/div>\n<div class=\"brz-columns brz-css-6kyxr4\" data-brz-custom-id=\"keWfCUWcDDLz\">\n<div class=\"brz-columns__scroll-effect brz-motion--effects\" data-motion-mouse-track=\"%7B%22type%22%3A%22track%22%2C%22direction%22%3A%22opposite%22%2C%22distance%22%3A0.2%7D\" data-motion-responsive=\"%5B%7B%22breakpoint%22%3A991%2C%22settings%22%3A%7B%7D%7D%2C%7B%22breakpoint%22%3A767%2C%22settings%22%3A%7B%7D%7D%5D\">\n<div class=\"brz-hover-animation__container\" data-brz-hover-animationid=\"keWfCUWcDDLz\" data-brz-hover-options=\"%7B%22easing%22:%22ease%22,%22duration%22:600,%22iterations%22:1%7D\" data-brz-hover-reversible=\"false\" data-brz-hover-target=\"%22parent%22\" data-brz-hover-animation=\"%5B%7B%22WebkitTransform%22:%22skew(-12deg)%22,%22transform%22:%22skew(-12deg)%22,%22offset%22:0.16649999999999998%7D,%7B%22WebkitTransform%22:%22skew(10deg)%22,%22transform%22:%22skew(10deg)%22,%22offset%22:0.33299999999999996%7D,%7B%22WebkitTransform%22:%22skew(-6deg)%22,%22transform%22:%22skew(-6deg)%22,%22offset%22:0.49950000000000006%7D,%7B%22WebkitTransform%22:%22skew(4deg)%22,%22transform%22:%22skew(4deg)%22,%22offset%22:0.6659999999999999%7D,%7B%22WebkitTransform%22:%22skew(-2deg)%22,%22transform%22:%22skew(-2deg)%22,%22offset%22:0.8325%7D,%7B%22WebkitTransform%22:%22skew(0)%22,%22transform%22:%22skew(0)%22,%22offset%22:1%7D%5D\">\n<div class=\"brz-bg\"><\/div>\n<div class=\"brz-column__items brz-css-1jzji1m brz-css-7gtinb\">\n<div class=\"brz-wrapper-clone brz-css-h2zbft brz-css-12juful\">\n<div class=\"brz-d-xs-flex brz-flex-xs-wrap brz-css-17df9xp brz-css-7s6188\" data-brz-custom-id=\"\">\n<div id=\"q8Zlk2hZp7Ou\" class=\"brz-wrapper-clone__item\"><a class=\"brz-a brz-btn brz-css-c0wll6 brz-css-1u89err brz-css-1ilccz1 brz-css-1egpwwz\" target=\"_self\" rel=\"noopener\" data-brz-link-type=\"page\" data-brz-custom-id=\"q8Zlk2hZp7Ou\"><span class=\"brz-span brz-text__editor\" data-brz-translate-text=\"1\">TOLDOS RETR\u00c1CTILES<\/span><\/a><\/div>\n<\/div>\n<\/div>\n<\/div>\n<\/div>\n<\/div>\n<\/div>\n<\/div>\n<\/div>\n<\/div>\n<p>&nbsp;<\/p>\n<\/div>\n<div class=\"brz-columns brz-css-6kyxr4 brz-css-9sfh2i\" data-brz-custom-id=\"yN1uGlIP9vxm\">\n<div class=\"brz-bg\">\n<div class=\"brz-bg-image\"><\/div>\n<\/div>\n<div class=\"brz-column__items brz-css-1jzji1m brz-css-1wsg57l\">\n<div class=\"brz-row__container brz-css-1vi6gww\" data-brz-custom-id=\"bE4KsED3UMIr\">\n<div class=\"brz-bg\"><\/div>\n<div class=\"brz-row brz-row--inner brz-css-1kuex87 brz-css-6bhl5u\">\n<div class=\"brz-columns brz-css-6kyxr4 brz-css-fed7oc\" data-brz-custom-id=\"bvsSc74MmaqN\">\n<div class=\"brz-bg\"><\/div>\n<div class=\"brz-column__items brz-css-1jzji1m\">\n<div id=\"\" class=\"brz-css-szdnur brz-css-dxt9nb brz-wrapper\">\n<div class=\"brz-spacer brz-css-392f4y brz-css-xu2he7\"><\/div>\n<\/div>\n<\/div>\n<\/div>\n<div class=\"brz-columns brz-css-6kyxr4 brz-css-hw0fo1\" data-brz-custom-id=\"gSjpBEI_zYRE\">\n<div class=\"brz-columns__scroll-effect brz-motion--effects\" data-motion-mouse-track=\"%7B%22type%22%3A%22track%22%2C%22direction%22%3A%22direct%22%2C%22distance%22%3A0.2%7D\" data-motion-responsive=\"%5B%7B%22breakpoint%22%3A991%2C%22settings%22%3A%7B%7D%7D%2C%7B%22breakpoint%22%3A767%2C%22settings%22%3A%7B%7D%7D%5D\">\n<div class=\"brz-hover-animation__container\" data-brz-hover-animationid=\"gSjpBEI_zYRE\" data-brz-hover-options=\"%7B%22easing%22:%22ease%22,%22duration%22:600,%22iterations%22:1%7D\" data-brz-hover-reversible=\"false\" data-brz-hover-target=\"%22parent%22\" data-brz-hover-animation=\"%5B%7B%22WebkitTransform%22:%22skew(-12deg)%22,%22transform%22:%22skew(-12deg)%22,%22offset%22:0.16649999999999998%7D,%7B%22WebkitTransform%22:%22skew(10deg)%22,%22transform%22:%22skew(10deg)%22,%22offset%22:0.33299999999999996%7D,%7B%22WebkitTransform%22:%22skew(-6deg)%22,%22transform%22:%22skew(-6deg)%22,%22offset%22:0.49950000000000006%7D,%7B%22WebkitTransform%22:%22skew(4deg)%22,%22transform%22:%22skew(4deg)%22,%22offset%22:0.6659999999999999%7D,%7B%22WebkitTransform%22:%22skew(-2deg)%22,%22transform%22:%22skew(-2deg)%22,%22offset%22:0.8325%7D,%7B%22WebkitTransform%22:%22skew(0)%22,%22transform%22:%22skew(0)%22,%22offset%22:1%7D%5D\">\n<div class=\"brz-bg\"><\/div>\n<div class=\"brz-column__items brz-css-1jzji1m brz-css-15c6h1h\">\n<div class=\"brz-wrapper-clone brz-css-h2zbft brz-css-kz91mp\">\n<div class=\"brz-d-xs-flex brz-flex-xs-wrap brz-css-17df9xp brz-css-1ld40pd\" data-brz-custom-id=\"\">\n<div id=\"ldBUrGzrLYzs\" class=\"brz-wrapper-clone__item\"><a class=\"brz-a brz-btn brz-css-c0wll6 brz-css-ykezch brz-css-1ilccz1 brz-css-18de9mq\" target=\"_self\" rel=\"noopener\" data-brz-link-type=\"page\" data-brz-custom-id=\"ldBUrGzrLYzs\"><span class=\"brz-span brz-text__editor\" data-brz-translate-text=\"1\">PERSIANAS ANTI HURACANES<\/span><\/a><\/div>\n<\/div>\n<\/div>\n<\/div>\n<\/div>\n<\/div>\n<\/div>\n<\/div>\n<\/div>\n<\/div>\n<p>&nbsp;<\/p>\n<\/div>\n<div class=\"brz-columns brz-css-6kyxr4 brz-css-1q2okh3\" data-brz-custom-id=\"iD0sVRZf9pTT\">\n<div class=\"brz-bg\">\n<div class=\"brz-bg-image\"><\/div>\n<\/div>\n<div class=\"brz-column__items brz-css-1jzji1m brz-css-1gq61xm\">\n<div class=\"brz-row__container brz-css-1vi6gww\" data-brz-custom-id=\"owrMUlyHgyR2\">\n<div class=\"brz-bg\"><\/div>\n<div class=\"brz-row brz-row--inner brz-css-1kuex87 brz-css-s5yfge\">\n<div class=\"brz-columns brz-css-6kyxr4 brz-css-16etmx2\" data-brz-custom-id=\"wVEOMIAOZqJJ\">\n<div class=\"brz-columns__scroll-effect brz-motion--effects\" data-motion-mouse-track=\"%7B%22type%22%3A%22track%22%2C%22direction%22%3A%22opposite%22%2C%22distance%22%3A0.3%7D\" data-motion-responsive=\"%5B%7B%22breakpoint%22%3A991%2C%22settings%22%3A%7B%7D%7D%2C%7B%22breakpoint%22%3A767%2C%22settings%22%3A%7B%7D%7D%5D\">\n<div class=\"brz-hover-animation__container\" data-brz-hover-animationid=\"wVEOMIAOZqJJ\" data-brz-hover-options=\"%7B%22easing%22:%22ease%22,%22duration%22:600,%22iterations%22:1%7D\" data-brz-hover-reversible=\"false\" data-brz-hover-target=\"%22parent%22\" data-brz-hover-animation=\"%5B%7B%22WebkitTransform%22:%22skew(-12deg)%22,%22transform%22:%22skew(-12deg)%22,%22offset%22:0.16649999999999998%7D,%7B%22WebkitTransform%22:%22skew(10deg)%22,%22transform%22:%22skew(10deg)%22,%22offset%22:0.33299999999999996%7D,%7B%22WebkitTransform%22:%22skew(-6deg)%22,%22transform%22:%22skew(-6deg)%22,%22offset%22:0.49950000000000006%7D,%7B%22WebkitTransform%22:%22skew(4deg)%22,%22transform%22:%22skew(4deg)%22,%22offset%22:0.6659999999999999%7D,%7B%22WebkitTransform%22:%22skew(-2deg)%22,%22transform%22:%22skew(-2deg)%22,%22offset%22:0.8325%7D,%7B%22WebkitTransform%22:%22skew(0)%22,%22transform%22:%22skew(0)%22,%22offset%22:1%7D%5D\">\n<div class=\"brz-bg\"><\/div>\n<div class=\"brz-column__items brz-css-1jzji1m brz-css-1q22fbn\">\n<div class=\"brz-wrapper-clone brz-css-h2zbft brz-css-r00evb\">\n<div class=\"brz-d-xs-flex brz-flex-xs-wrap brz-css-17df9xp brz-css-brjhgl\" data-brz-custom-id=\"\">\n<div id=\"r9Rw1TzNIFd5\" class=\"brz-wrapper-clone__item\"><a class=\"brz-a brz-btn brz-css-c0wll6 brz-css-10ii3sg brz-css-1ilccz1 brz-css-rg9j4x\" target=\"_self\" rel=\"noopener\" data-brz-link-type=\"page\" data-brz-custom-id=\"r9Rw1TzNIFd5\"><span class=\"brz-span brz-text__editor\" data-brz-translate-text=\"1\">PANTALLAS ANTI INSECTOS Y SOLARES<\/span><\/a><\/div>\n<\/div>\n<\/div>\n<\/div>\n<\/div>\n<\/div>\n<\/div>\n<\/div>\n<\/div>\n<\/div>\n<p>&nbsp;<\/p>\n<\/div>\n<div class=\"brz-columns brz-css-6kyxr4 brz-css-a1reu0\" data-brz-custom-id=\"d4KdhjbEgTHA\">\n<div class=\"brz-bg\">\n<div class=\"brz-bg-image\"><\/div>\n<\/div>\n<div class=\"brz-column__items brz-css-1jzji1m brz-css-pw5uw2\">\n<div class=\"brz-row__container brz-css-1vi6gww\" data-brz-custom-id=\"xZ7sGcjtg1UB\">\n<div class=\"brz-bg\"><\/div>\n<div class=\"brz-row brz-row--inner brz-css-1kuex87 brz-css-8v642f\">\n<div class=\"brz-columns brz-css-6kyxr4 brz-css-e1750c\" data-brz-custom-id=\"zLHvF_SvrQCZ\">\n<div class=\"brz-bg\"><\/div>\n<div class=\"brz-column__items brz-css-1jzji1m\">\n<div id=\"\" class=\"brz-css-szdnur brz-css-dxt9nb brz-wrapper\">\n<div class=\"brz-spacer brz-css-392f4y brz-css-x1mgj\"><\/div>\n<\/div>\n<\/div>\n<\/div>\n<div class=\"brz-columns brz-css-6kyxr4 brz-css-ddosy2\" data-brz-custom-id=\"fYUs0JbOPDfq\">\n<div class=\"brz-columns__scroll-effect brz-motion--effects\" data-motion-mouse-track=\"%7B%22type%22%3A%22track%22%2C%22direction%22%3A%22direct%22%2C%22distance%22%3A0.2%7D\" data-motion-responsive=\"%5B%7B%22breakpoint%22%3A991%2C%22settings%22%3A%7B%7D%7D%2C%7B%22breakpoint%22%3A767%2C%22settings%22%3A%7B%7D%7D%5D\">\n<div class=\"brz-hover-animation__container\" data-brz-hover-animationid=\"fYUs0JbOPDfq\" data-brz-hover-options=\"%7B%22easing%22:%22ease%22,%22duration%22:600,%22iterations%22:1%7D\" data-brz-hover-reversible=\"false\" data-brz-hover-target=\"%22parent%22\" data-brz-hover-animation=\"%5B%7B%22WebkitTransform%22:%22skew(-12deg)%22,%22transform%22:%22skew(-12deg)%22,%22offset%22:0.16649999999999998%7D,%7B%22WebkitTransform%22:%22skew(10deg)%22,%22transform%22:%22skew(10deg)%22,%22offset%22:0.33299999999999996%7D,%7B%22WebkitTransform%22:%22skew(-6deg)%22,%22transform%22:%22skew(-6deg)%22,%22offset%22:0.49950000000000006%7D,%7B%22WebkitTransform%22:%22skew(4deg)%22,%22transform%22:%22skew(4deg)%22,%22offset%22:0.6659999999999999%7D,%7B%22WebkitTransform%22:%22skew(-2deg)%22,%22transform%22:%22skew(-2deg)%22,%22offset%22:0.8325%7D,%7B%22WebkitTransform%22:%22skew(0)%22,%22transform%22:%22skew(0)%22,%22offset%22:1%7D%5D\">\n<div class=\"brz-bg\"><\/div>\n<div class=\"brz-column__items brz-css-1jzji1m brz-css-1mvnn3z\">\n<div class=\"brz-wrapper-clone brz-css-h2zbft brz-css-jlnub4\">\n<div class=\"brz-d-xs-flex brz-flex-xs-wrap brz-css-17df9xp brz-css-2ap2nk\" data-brz-custom-id=\"\">\n<div id=\"hbE9oxTJIeoM\" class=\"brz-wrapper-clone__item\"><a class=\"brz-a brz-btn brz-css-c0wll6 brz-css-i67ywb brz-css-1ilccz1 brz-css-1i0vpm2\" target=\"_self\" rel=\"noopener\" data-brz-link-type=\"page\" data-brz-custom-id=\"hbE9oxTJIeoM\"><span class=\"brz-span brz-text__editor\" data-brz-translate-text=\"1\">PROTECCI\u00d3N CONTRA HURACANES<\/span><\/a><\/div>\n<\/div>\n<\/div>\n<\/div>\n<\/div>\n<\/div>\n<\/div>\n<\/div>\n<\/div>\n<\/div>\n<p>&nbsp;<\/p>\n<\/div>\n<\/div>\n<\/div>\n<\/div>\n<\/div>\n<\/section>\n<\/div>\n<p><!-- version:1737411290 --><\/p>\n","protected":false},"excerpt":{"rendered":"<p>PRODUCTOS Compromiso con la innovaci\u00f3n y la durabilidad, ofrecemos un portfolio diverso que responde a las exigencias de seguridad y [&hellip;]<\/p>\n","protected":false},"author":1,"featured_media":0,"parent":0,"menu_order":0,"comment_status":"closed","ping_status":"closed","template":"brizy-blank-template.php","meta":{"site-sidebar-layout":"default","site-content-layout":"","ast-site-content-layout":"default","site-content-style":"default","site-sidebar-style":"default","ast-global-header-display":"","ast-banner-title-visibility":"","ast-main-header-display":"","ast-hfb-above-header-display":"","ast-hfb-below-header-display":"","ast-hfb-mobile-header-display":"","site-post-title":"","ast-breadcrumbs-content":"","ast-featured-img":"","footer-sml-layout":"","theme-transparent-header-meta":"default","adv-header-id-meta":"","stick-header-meta":"","header-above-stick-meta":"","header-main-stick-meta":"","header-below-stick-meta":"","astra-migrate-meta-layouts":"set","ast-page-background-enabled":"default","ast-page-background-meta":{"desktop":{"background-color":"var(--ast-global-color-4)","background-image":"","background-repeat":"repeat","background-position":"center center","background-size":"auto","background-attachment":"scroll","background-type":"","background-media":"","overlay-type":"","overlay-color":"","overlay-opacity":"","overlay-gradient":""},"tablet":{"background-color":"","background-image":"","background-repeat":"repeat","background-position":"center center","background-size":"auto","background-attachment":"scroll","background-type":"","background-media":"","overlay-type":"","overlay-color":"","overlay-opacity":"","overlay-gradient":""},"mobile":{"background-color":"","background-image":"","background-repeat":"repeat","background-position":"center center","background-size":"auto","background-attachment":"scroll","background-type":"","background-media":"","overlay-type":"","overlay-color":"","overlay-opacity":"","overlay-gradient":""}},"ast-content-background-meta":{"desktop":{"background-color":"var(--ast-global-color-5)","background-image":"","background-repeat":"repeat","background-position":"center center","background-size":"auto","background-attachment":"scroll","background-type":"","background-media":"","overlay-type":"","overlay-color":"","overlay-opacity":"","overlay-gradient":""},"tablet":{"background-color":"var(--ast-global-color-5)","background-image":"","background-repeat":"repeat","background-position":"center center","background-size":"auto","background-attachment":"scroll","background-type":"","background-media":"","overlay-type":"","overlay-color":"","overlay-opacity":"","overlay-gradient":""},"mobile":{"background-color":"var(--ast-global-color-5)","background-image":"","background-repeat":"repeat","background-position":"center center","background-size":"auto","background-attachment":"scroll","background-type":"","background-media":"","overlay-type":"","overlay-color":"","overlay-opacity":"","overlay-gradient":""}},"footnotes":""},"class_list":["post-678","page","type-page","status-publish","hentry"],"yoast_head":"<!-- This site is optimized with the Yoast SEO plugin v26.6 - https:\/\/yoast.com\/wordpress\/plugins\/seo\/ -->\n<title>Productos | Soluciones de Protecci\u00f3n y Confort<\/title>\n<meta name=\"description\" content=\"Descubre nuestros productos: toldos retr\u00e1ctiles, p\u00e9rgolas, persianas antihuracanes y pantallas para proteger y mejorar tu vivienda. o negocio\" \/>\n<meta name=\"robots\" content=\"index, follow, max-snippet:-1, max-image-preview:large, max-video-preview:-1\" \/>\n<link rel=\"canonical\" href=\"https:\/\/rollingshield.com\/es\/productos\/\" \/>\n<meta property=\"og:locale\" content=\"es_ES\" \/>\n<meta property=\"og:type\" content=\"article\" \/>\n<meta property=\"og:title\" content=\"Productos | Soluciones de Protecci\u00f3n y Confort\" \/>\n<meta property=\"og:description\" content=\"Descubre nuestros productos: toldos retr\u00e1ctiles, p\u00e9rgolas, persianas antihuracanes y pantallas para proteger y mejorar tu vivienda. o negocio\" \/>\n<meta property=\"og:url\" content=\"https:\/\/rollingshield.com\/es\/productos\/\" \/>\n<meta property=\"og:site_name\" content=\"Rollingshield\" \/>\n<meta property=\"article:modified_time\" content=\"2026-02-04T16:00:02+00:00\" \/>\n<meta name=\"twitter:card\" content=\"summary_large_image\" \/>\n<meta name=\"twitter:label1\" content=\"Tiempo de lectura\" \/>\n\t<meta name=\"twitter:data1\" content=\"1 minuto\" \/>\n<script type=\"application\/ld+json\" class=\"yoast-schema-graph\">{\"@context\":\"https:\/\/schema.org\",\"@graph\":[{\"@type\":[\"WebPage\",\"CollectionPage\"],\"@id\":\"https:\/\/rollingshield.com\/es\/productos\/\",\"url\":\"https:\/\/rollingshield.com\/es\/productos\/\",\"name\":\"Productos | Soluciones de Protecci\u00f3n y Confort\",\"isPartOf\":{\"@id\":\"https:\/\/rollingshield.com\/#website\"},\"datePublished\":\"2024-03-04T15:25:53+00:00\",\"dateModified\":\"2026-02-04T16:00:02+00:00\",\"description\":\"Descubre nuestros productos: toldos retr\u00e1ctiles, p\u00e9rgolas, persianas antihuracanes y pantallas para proteger y mejorar tu vivienda. o negocio\",\"breadcrumb\":{\"@id\":\"https:\/\/rollingshield.com\/es\/productos\/#breadcrumb\"},\"inLanguage\":\"es\"},{\"@type\":\"BreadcrumbList\",\"@id\":\"https:\/\/rollingshield.com\/es\/productos\/#breadcrumb\",\"itemListElement\":[{\"@type\":\"ListItem\",\"position\":1,\"name\":\"Portada\",\"item\":\"https:\/\/rollingshield.com\/es\/\"},{\"@type\":\"ListItem\",\"position\":2,\"name\":\"Productos\"}]},{\"@type\":\"WebSite\",\"@id\":\"https:\/\/rollingshield.com\/#website\",\"url\":\"https:\/\/rollingshield.com\/\",\"name\":\"Rolling Shield\",\"description\":\"Awnings - Shutters - Screens - Shades\",\"publisher\":{\"@id\":\"https:\/\/rollingshield.com\/#organization\"},\"potentialAction\":[{\"@type\":\"SearchAction\",\"target\":{\"@type\":\"EntryPoint\",\"urlTemplate\":\"https:\/\/rollingshield.com\/?s={search_term_string}\"},\"query-input\":{\"@type\":\"PropertyValueSpecification\",\"valueRequired\":true,\"valueName\":\"search_term_string\"}}],\"inLanguage\":\"es\"},{\"@type\":\"Organization\",\"@id\":\"https:\/\/rollingshield.com\/#organization\",\"name\":\"Rolling Shield\",\"url\":\"https:\/\/rollingshield.com\/\",\"logo\":{\"@type\":\"ImageObject\",\"inLanguage\":\"es\",\"@id\":\"https:\/\/rollingshield.com\/#\/schema\/logo\/image\/\",\"url\":\"https:\/\/rollingshield.com\/wp-content\/uploads\/2024\/02\/cropped-rolling-logo.png\",\"contentUrl\":\"https:\/\/rollingshield.com\/wp-content\/uploads\/2024\/02\/cropped-rolling-logo.png\",\"width\":476,\"height\":100,\"caption\":\"Rolling Shield\"},\"image\":{\"@id\":\"https:\/\/rollingshield.com\/#\/schema\/logo\/image\/\"}}]}<\/script>\n<!-- \/ Yoast SEO plugin. -->","yoast_head_json":{"title":"Productos | Soluciones de Protecci\u00f3n y Confort","description":"Descubre nuestros productos: toldos retr\u00e1ctiles, p\u00e9rgolas, persianas antihuracanes y pantallas para proteger y mejorar tu vivienda. o negocio","robots":{"index":"index","follow":"follow","max-snippet":"max-snippet:-1","max-image-preview":"max-image-preview:large","max-video-preview":"max-video-preview:-1"},"canonical":"https:\/\/rollingshield.com\/es\/productos\/","og_locale":"es_ES","og_type":"article","og_title":"Productos | Soluciones de Protecci\u00f3n y Confort","og_description":"Descubre nuestros productos: toldos retr\u00e1ctiles, p\u00e9rgolas, persianas antihuracanes y pantallas para proteger y mejorar tu vivienda. o negocio","og_url":"https:\/\/rollingshield.com\/es\/productos\/","og_site_name":"Rollingshield","article_modified_time":"2026-02-04T16:00:02+00:00","twitter_card":"summary_large_image","twitter_misc":{"Tiempo de lectura":"1 minuto"},"schema":{"@context":"https:\/\/schema.org","@graph":[{"@type":["WebPage","CollectionPage"],"@id":"https:\/\/rollingshield.com\/es\/productos\/","url":"https:\/\/rollingshield.com\/es\/productos\/","name":"Productos | Soluciones de Protecci\u00f3n y Confort","isPartOf":{"@id":"https:\/\/rollingshield.com\/#website"},"datePublished":"2024-03-04T15:25:53+00:00","dateModified":"2026-02-04T16:00:02+00:00","description":"Descubre nuestros productos: toldos retr\u00e1ctiles, p\u00e9rgolas, persianas antihuracanes y pantallas para proteger y mejorar tu vivienda. o negocio","breadcrumb":{"@id":"https:\/\/rollingshield.com\/es\/productos\/#breadcrumb"},"inLanguage":"es"},{"@type":"BreadcrumbList","@id":"https:\/\/rollingshield.com\/es\/productos\/#breadcrumb","itemListElement":[{"@type":"ListItem","position":1,"name":"Portada","item":"https:\/\/rollingshield.com\/es\/"},{"@type":"ListItem","position":2,"name":"Productos"}]},{"@type":"WebSite","@id":"https:\/\/rollingshield.com\/#website","url":"https:\/\/rollingshield.com\/","name":"Rolling Shield","description":"Awnings - Shutters - Screens - Shades","publisher":{"@id":"https:\/\/rollingshield.com\/#organization"},"potentialAction":[{"@type":"SearchAction","target":{"@type":"EntryPoint","urlTemplate":"https:\/\/rollingshield.com\/?s={search_term_string}"},"query-input":{"@type":"PropertyValueSpecification","valueRequired":true,"valueName":"search_term_string"}}],"inLanguage":"es"},{"@type":"Organization","@id":"https:\/\/rollingshield.com\/#organization","name":"Rolling Shield","url":"https:\/\/rollingshield.com\/","logo":{"@type":"ImageObject","inLanguage":"es","@id":"https:\/\/rollingshield.com\/#\/schema\/logo\/image\/","url":"https:\/\/rollingshield.com\/wp-content\/uploads\/2024\/02\/cropped-rolling-logo.png","contentUrl":"https:\/\/rollingshield.com\/wp-content\/uploads\/2024\/02\/cropped-rolling-logo.png","width":476,"height":100,"caption":"Rolling Shield"},"image":{"@id":"https:\/\/rollingshield.com\/#\/schema\/logo\/image\/"}}]}},"brizy_media":[{"id":108,"url":"https:\/\/rollingshield.com\/wp-content\/uploads\/2024\/02\/Storm-Panels3-min_webp-300x253-1.webp","name":"Storm-Panels3-min_webp-300x253-1.webp","meta":{"brizy_attachment_uid":"wp-0666916e7d1d9bdf9f7616a04fd8945c.webp","brizy_post_uid":["f86bb23c1d3b9c65bc7f3ce8fe53d7e8"]}},{"id":730,"url":"https:\/\/rollingshield.com\/wp-content\/uploads\/2024\/03\/45_PERSIANA-AUTOBLOCANTE_-Ecoclim_HD-copia.webp","name":"45_PERSIANA-AUTOBLOCANTE_-Ecoclim_HD-copia.webp","meta":{"brizy_attachment_uid":"wp-09284efa044dff2b196b39d6241617f5.webp","brizy_post_uid":["f86bb23c1d3b9c65bc7f3ce8fe53d7e8"]}}],"_links":{"self":[{"href":"https:\/\/rollingshield.com\/es\/wp-json\/wp\/v2\/pages\/678","targetHints":{"allow":["GET"]}}],"collection":[{"href":"https:\/\/rollingshield.com\/es\/wp-json\/wp\/v2\/pages"}],"about":[{"href":"https:\/\/rollingshield.com\/es\/wp-json\/wp\/v2\/types\/page"}],"author":[{"embeddable":true,"href":"https:\/\/rollingshield.com\/es\/wp-json\/wp\/v2\/users\/1"}],"replies":[{"embeddable":true,"href":"https:\/\/rollingshield.com\/es\/wp-json\/wp\/v2\/comments?post=678"}],"version-history":[{"count":2,"href":"https:\/\/rollingshield.com\/es\/wp-json\/wp\/v2\/pages\/678\/revisions"}],"predecessor-version":[{"id":10307,"href":"https:\/\/rollingshield.com\/es\/wp-json\/wp\/v2\/pages\/678\/revisions\/10307"}],"wp:attachment":[{"href":"https:\/\/rollingshield.com\/es\/wp-json\/wp\/v2\/media?parent=678"}],"curies":[{"name":"wp","href":"https:\/\/api.w.org\/{rel}","templated":true}]}}