{"id":8018,"date":"2024-04-09T10:12:18","date_gmt":"2024-04-09T08:12:18","guid":{"rendered":"https:\/\/rollingshield.com\/privacy-policy\/"},"modified":"2025-12-17T11:50:20","modified_gmt":"2025-12-17T10:50:20","slug":"privacy-policy","status":"publish","type":"page","link":"https:\/\/rollingshield.com\/es\/privacy-policy\/","title":{"rendered":"Pol\u00edtica de Privacidad"},"content":{"rendered":"<div class=\"brz-root__container brz-reset-all brz brz-root__container-page\">\n<section id=\"214a83e768c1ac755129_ywvHdX9FgXA_\" class=\"brz-section brz-css-1fsefbs\">\n<div class=\"brz-section__content brz-section--boxed brz-css-jk84r\" data-brz-custom-id=\"qeJZ4kaLyWix\">\n<div class=\"brz-container brz-css-18wxx9j\">\n<div id=\"\" class=\"brz-css-1o4sta7 brz-wrapper\">\n<div class=\"brz-rich-text brz-rich-text__custom brz-css-1f88yas\" data-brz-custom-id=\"e7PtHjLa31Gu\">\n<div data-brz-translate-text=\"1\">\n<h1 class=\"brz-tp-lg-heading1 brz-css-hE8md\" data-generated-css=\"brz-css-aqUXR\" data-uniq-id=\"h7656\"><span class=\"brz-cp-color7\">Pol\u00edtica de Privacidad<\/span><\/h1>\n<\/div>\n<\/div>\n<\/div>\n<div id=\"\" class=\"brz-css-1o4sta7 brz-wrapper\">\n<div class=\"brz-rich-text brz-rich-text__custom brz-css-1f88yas\" data-brz-custom-id=\"cYypwubPUvET\">\n<div data-brz-translate-text=\"1\">\n<p class=\"brz-tp-lg-paragraph brz-css-rwN1w\" data-generated-css=\"brz-css-cQ_vY\" data-uniq-id=\"aDjw4\"><span class=\"brz-cp-color7\" style=\"color: var(--tw-prose-bold);\">Introducci\u00f3n<\/span><\/p>\n<p class=\"brz-tp-lg-paragraph brz-css-pqBQv\" data-generated-css=\"brz-css-uvWJS\" data-uniq-id=\"k4LZ2\"><span class=\"brz-cp-color7\">Esta Pol\u00edtica de Privacidad explica c\u00f3mo Rollingshield Inc., ubicada en 2500 NW 70th Avenue, Miami, FL 33129, Estados Unidos (ID Fiscal: 65-0425028), recopila, utiliza y comparte informaci\u00f3n sobre usted. Al acceder a nuestros servicios, usted acepta la recopilaci\u00f3n y el uso de informaci\u00f3n de acuerdo con esta pol\u00edtica.<\/span><\/p>\n<p class=\"brz-tp-lg-paragraph brz-css-neQYn\" data-generated-css=\"brz-css-cMyIi\" data-uniq-id=\"pv7uu\">\n<p class=\"brz-tp-lg-paragraph brz-css-gm86J\" data-generated-css=\"brz-css-de5RP\" data-uniq-id=\"eHobl\"><span class=\"brz-cp-color7\" style=\"color: var(--tw-prose-bold);\">Recopilaci\u00f3n y uso de informaci\u00f3n<\/span><\/p>\n<p class=\"brz-tp-lg-paragraph brz-css-bWmX7\" data-generated-css=\"brz-css-mk1cH\" data-uniq-id=\"tRCiY\"><span class=\"brz-cp-color7\">Recopilamos varios tipos de informaci\u00f3n para diversos fines con el fin de proporcionar y mejorar nuestro servicio, incluyendo:<\/span><\/p>\n<ul>\n<li class=\"brz-tp-lg-paragraph brz-bcp-color7 brz-css-vka0A\" data-generated-css=\"brz-css-eiWdZ\" data-uniq-id=\"e3sEU\"><span class=\"brz-cp-color7\">Datos personales (por ejemplo, nombre, direcci\u00f3n de correo electr\u00f3nico)<\/span><\/li>\n<li class=\"brz-tp-lg-paragraph brz-bcp-color7 brz-css-jlmma\" data-generated-css=\"brz-css-lAg5x\" data-uniq-id=\"yJCpP\"><span class=\"brz-cp-color7\">Datos de uso (por ejemplo, c\u00f3mo se accede y se utiliza nuestro servicio)<\/span><\/li>\n<li class=\"brz-tp-lg-paragraph brz-bcp-color7 brz-css-jX1DY\" data-generated-css=\"brz-css-eSZdZ\" data-uniq-id=\"ePVJR\"><span class=\"brz-cp-color7\">Cookies y datos de seguimiento<\/span><\/li>\n<\/ul>\n<p class=\"brz-bcp-color7 brz-tp-lg-paragraph brz-css-iIOal\" data-generated-css=\"brz-css-aw3BJ\" data-uniq-id=\"pWNfN\">\n<p class=\"brz-tp-lg-paragraph brz-css-rPwrn\" data-generated-css=\"brz-css-cIhMP\" data-uniq-id=\"ljlBi\"><span class=\"brz-cp-color7\" style=\"color: var(--tw-prose-bold);\">Uso de los datos<\/span><\/p>\n<p class=\"brz-tp-lg-paragraph brz-css-wlERq\" data-generated-css=\"brz-css-qY77S\" data-uniq-id=\"zMQdu\"><span class=\"brz-cp-color7\">Rollingshield Inc. utiliza los datos recopilados para diversos fines:<\/span><\/p>\n<ul>\n<li class=\"brz-tp-lg-paragraph brz-bcp-color7 brz-css-e7XJ8\" data-generated-css=\"brz-css-tsZ4I\" data-uniq-id=\"tFQB7\"><span class=\"brz-cp-color7\">Para proporcionar y mantener nuestro servicio<\/span><\/li>\n<li class=\"brz-tp-lg-paragraph brz-bcp-color7 brz-css-uiLTq\" data-generated-css=\"brz-css-uq8sY\" data-uniq-id=\"yrEKO\"><span class=\"brz-cp-color7\">Para notificarle sobre cambios en nuestro servicio<\/span><\/li>\n<li class=\"brz-tp-lg-paragraph brz-bcp-color7 brz-css-d2bwv\" data-generated-css=\"brz-css-k08_B\" data-uniq-id=\"jzDwf\"><span class=\"brz-cp-color7\">Para permitirle participar en funciones interactivas de nuestro servicio cuando as\u00ed lo desee<\/span><\/li>\n<li class=\"brz-tp-lg-paragraph brz-bcp-color7 brz-css-u3HV_\" data-generated-css=\"brz-css-uBUup\" data-uniq-id=\"wvP30\"><span class=\"brz-cp-color7\">Para brindar atenci\u00f3n al cliente y soporte<\/span><\/li>\n<li class=\"brz-tp-lg-paragraph brz-bcp-color7 brz-css-e62SH\" data-generated-css=\"brz-css-l5ryC\" data-uniq-id=\"euESD\"><span class=\"brz-cp-color7\">Para proporcionar an\u00e1lisis o informaci\u00f3n valiosa que nos ayude a mejorar el servicio<\/span><\/li>\n<li class=\"brz-tp-lg-paragraph brz-bcp-color7 brz-css-na5Kl\" data-generated-css=\"brz-css-ryhSu\" data-uniq-id=\"w6TZV\"><span class=\"brz-cp-color7\">Para monitorear el uso del servicio<\/span><\/li>\n<\/ul>\n<p class=\"brz-bcp-color7 brz-tp-lg-paragraph brz-css-nAxtS\" data-generated-css=\"brz-css-zxolx\" data-uniq-id=\"v58hS\">\n<p class=\"brz-tp-lg-paragraph brz-css-qSZe5\" data-generated-css=\"brz-css-cUo4f\" data-uniq-id=\"zx3Sx\"><span class=\"brz-cp-color7\" style=\"color: var(--tw-prose-bold);\">Transferencia de datos<\/span><\/p>\n<p class=\"brz-tp-lg-paragraph brz-css-wjaFV\" data-generated-css=\"brz-css-tbO_I\" data-uniq-id=\"sKS69\"><span class=\"brz-cp-color7\">Su informaci\u00f3n, incluidos los Datos Personales, puede ser transferida a \u2014 y mantenida en \u2014 computadoras ubicadas fuera de su estado, provincia, pa\u00eds u otra jurisdicci\u00f3n gubernamental donde las leyes de protecci\u00f3n de datos pueden diferir.<\/span><\/p>\n<p class=\"brz-tp-lg-paragraph brz-css-vAvdO\" data-generated-css=\"brz-css-gee0m\" data-uniq-id=\"aCQUC\">\n<p class=\"brz-tp-lg-paragraph brz-css-z5uhS\" data-generated-css=\"brz-css-p8xsp\" data-uniq-id=\"sQMt1\"><span class=\"brz-cp-color7\" style=\"color: var(--tw-prose-bold);\">Divulgaci\u00f3n de datos<\/span><\/p>\n<p class=\"brz-tp-lg-paragraph brz-css-gvECV\" data-generated-css=\"brz-css-bWqf4\" data-uniq-id=\"rWzfL\"><span class=\"brz-cp-color7\">Podemos divulgar sus Datos Personales de buena fe cuando consideremos que dicha acci\u00f3n es necesaria para:<\/span><\/p>\n<ul>\n<li class=\"brz-tp-lg-paragraph brz-bcp-color7 brz-css-f7EHY\" data-generated-css=\"brz-css-dS_zh\" data-uniq-id=\"vWwxt\"><span class=\"brz-cp-color7\">Cumplir con una obligaci\u00f3n legal<\/span><\/li>\n<li class=\"brz-tp-lg-paragraph brz-bcp-color7 brz-css-xxDji\" data-generated-css=\"brz-css-ivrYD\" data-uniq-id=\"pJ_AY\"><span class=\"brz-cp-color7\">Proteger y defender los derechos o la propiedad de Rollingshield Inc.<\/span><\/li>\n<li class=\"brz-tp-lg-paragraph brz-bcp-color7 brz-css-rgQ0H\" data-generated-css=\"brz-css-syt3v\" data-uniq-id=\"qTNDt\"><span class=\"brz-cp-color7\">Prevenir o investigar posibles irregularidades en relaci\u00f3n con el servicio<\/span><\/li>\n<\/ul>\n<p class=\"brz-bcp-color7 brz-tp-lg-paragraph brz-css-jT0mS\" data-generated-css=\"brz-css-f3bHJ\" data-uniq-id=\"n731S\">\n<p class=\"brz-tp-lg-paragraph brz-css-lC7MA\" data-generated-css=\"brz-css-dOoIM\" data-uniq-id=\"aXdGH\"><span class=\"brz-cp-color7\" style=\"color: var(--tw-prose-bold);\">Seguridad de los datos<\/span><\/p>\n<p class=\"brz-tp-lg-paragraph brz-css-mozvh\" data-generated-css=\"brz-css-pTcBB\" data-uniq-id=\"eql5s\"><span class=\"brz-cp-color7\">La seguridad de sus datos es importante para nosotros, pero recuerde que ning\u00fan m\u00e9todo de transmisi\u00f3n por Internet o de almacenamiento electr\u00f3nico es 100 % seguro.<\/span><\/p>\n<p class=\"brz-tp-lg-paragraph brz-css-g2a92\" data-generated-css=\"brz-css-gIFDP\" data-uniq-id=\"mcmXM\">\n<p class=\"brz-tp-lg-paragraph brz-css-mVyEo\" data-generated-css=\"brz-css-fo9Rj\" data-uniq-id=\"y7N7X\"><span class=\"brz-cp-color7\" style=\"color: var(--tw-prose-bold);\">Sus derechos<\/span><\/p>\n<p class=\"brz-tp-lg-paragraph brz-css-wubZF\" data-generated-css=\"brz-css-mX1Jy\" data-uniq-id=\"aybyq\"><span class=\"brz-cp-color7\">Usted tiene derecho a acceder, actualizar o eliminar la informaci\u00f3n que tenemos sobre usted. Siempre que sea posible, puede acceder, actualizar o solicitar la eliminaci\u00f3n de sus Datos Personales directamente desde la secci\u00f3n de configuraci\u00f3n de su cuenta.<\/span><\/p>\n<p class=\"brz-tp-lg-paragraph brz-css-rJhXh\" data-generated-css=\"brz-css-vEXa8\" data-uniq-id=\"oTxyD\">\n<p class=\"brz-tp-lg-paragraph brz-css-q9tTs\" data-generated-css=\"brz-css-mqVOM\" data-uniq-id=\"nskzy\"><span class=\"brz-cp-color7\" style=\"color: var(--tw-prose-bold);\">Cont\u00e1ctenos<\/span><\/p>\n<p class=\"brz-tp-lg-paragraph brz-css-fynXg\" data-generated-css=\"brz-css-wieCf\" data-uniq-id=\"agA00\"><span class=\"brz-cp-color7\">Si tiene alguna pregunta sobre esta Pol\u00edtica de Privacidad, comun\u00edquese con nosotros por tel\u00e9fono al 305-436-6661 o visite nuestra oficina en la direcci\u00f3n indicada.<\/span><\/p>\n<\/div>\n<\/div>\n<\/div>\n<\/div>\n<\/div>\n<\/section>\n<\/div>\n<p><!-- version:1742812414 --><\/p>\n","protected":false},"excerpt":{"rendered":"<p>Pol\u00edtica de Privacidad Introducci\u00f3n Esta Pol\u00edtica de Privacidad explica c\u00f3mo Rollingshield Inc., ubicada en 2500 NW 70th Avenue, Miami, FL [&hellip;]<\/p>\n","protected":false},"author":1,"featured_media":0,"parent":0,"menu_order":0,"comment_status":"closed","ping_status":"closed","template":"brizy-blank-template.php","meta":{"site-sidebar-layout":"default","site-content-layout":"","ast-site-content-layout":"default","site-content-style":"default","site-sidebar-style":"default","ast-global-header-display":"","ast-banner-title-visibility":"","ast-main-header-display":"","ast-hfb-above-header-display":"","ast-hfb-below-header-display":"","ast-hfb-mobile-header-display":"","site-post-title":"","ast-breadcrumbs-content":"","ast-featured-img":"","footer-sml-layout":"","theme-transparent-header-meta":"default","adv-header-id-meta":"","stick-header-meta":"","header-above-stick-meta":"","header-main-stick-meta":"","header-below-stick-meta":"","astra-migrate-meta-layouts":"set","ast-page-background-enabled":"default","ast-page-background-meta":{"desktop":{"background-color":"var(--ast-global-color-4)","background-image":"","background-repeat":"repeat","background-position":"center center","background-size":"auto","background-attachment":"scroll","background-type":"","background-media":"","overlay-type":"","overlay-color":"","overlay-opacity":"","overlay-gradient":""},"tablet":{"background-color":"","background-image":"","background-repeat":"repeat","background-position":"center center","background-size":"auto","background-attachment":"scroll","background-type":"","background-media":"","overlay-type":"","overlay-color":"","overlay-opacity":"","overlay-gradient":""},"mobile":{"background-color":"","background-image":"","background-repeat":"repeat","background-position":"center center","background-size":"auto","background-attachment":"scroll","background-type":"","background-media":"","overlay-type":"","overlay-color":"","overlay-opacity":"","overlay-gradient":""}},"ast-content-background-meta":{"desktop":{"background-color":"var(--ast-global-color-5)","background-image":"","background-repeat":"repeat","background-position":"center center","background-size":"auto","background-attachment":"scroll","background-type":"","background-media":"","overlay-type":"","overlay-color":"","overlay-opacity":"","overlay-gradient":""},"tablet":{"background-color":"var(--ast-global-color-5)","background-image":"","background-repeat":"repeat","background-position":"center center","background-size":"auto","background-attachment":"scroll","background-type":"","background-media":"","overlay-type":"","overlay-color":"","overlay-opacity":"","overlay-gradient":""},"mobile":{"background-color":"var(--ast-global-color-5)","background-image":"","background-repeat":"repeat","background-position":"center center","background-size":"auto","background-attachment":"scroll","background-type":"","background-media":"","overlay-type":"","overlay-color":"","overlay-opacity":"","overlay-gradient":""}},"footnotes":""},"class_list":["post-8018","page","type-page","status-publish","hentry"],"yoast_head":"<!-- This site is optimized with the Yoast SEO plugin v26.6 - https:\/\/yoast.com\/wordpress\/plugins\/seo\/ -->\n<title>Pol\u00edtica de Privacidad | Rolling Shield<\/title>\n<meta name=\"description\" content=\"Descubre c\u00f3mo recopilamos, utilizamos y protegemos tus datos personales, as\u00ed como tus derechos y nuestras pr\u00e1cticas de protecci\u00f3n de datos.\" \/>\n<meta name=\"robots\" content=\"index, follow, max-snippet:-1, max-image-preview:large, max-video-preview:-1\" \/>\n<link rel=\"canonical\" href=\"https:\/\/rollingshield.com\/es\/privacy-policy\/\" \/>\n<meta property=\"og:locale\" content=\"es_ES\" \/>\n<meta property=\"og:type\" content=\"article\" \/>\n<meta property=\"og:title\" content=\"Pol\u00edtica de Privacidad | Rolling Shield\" \/>\n<meta property=\"og:description\" content=\"Descubre c\u00f3mo recopilamos, utilizamos y protegemos tus datos personales, as\u00ed como tus derechos y nuestras pr\u00e1cticas de protecci\u00f3n de datos.\" \/>\n<meta property=\"og:url\" content=\"https:\/\/rollingshield.com\/es\/privacy-policy\/\" \/>\n<meta property=\"og:site_name\" content=\"Rollingshield\" \/>\n<meta property=\"article:modified_time\" content=\"2025-12-17T10:50:20+00:00\" \/>\n<meta name=\"twitter:card\" content=\"summary_large_image\" \/>\n<meta name=\"twitter:label1\" content=\"Tiempo de lectura\" \/>\n\t<meta name=\"twitter:data1\" content=\"2 minutos\" \/>\n<script type=\"application\/ld+json\" class=\"yoast-schema-graph\">{\"@context\":\"https:\/\/schema.org\",\"@graph\":[{\"@type\":\"WebPage\",\"@id\":\"https:\/\/rollingshield.com\/es\/privacy-policy\/\",\"url\":\"https:\/\/rollingshield.com\/es\/privacy-policy\/\",\"name\":\"Pol\u00edtica de Privacidad | Rolling Shield\",\"isPartOf\":{\"@id\":\"https:\/\/rollingshield.com\/#website\"},\"datePublished\":\"2024-04-09T08:12:18+00:00\",\"dateModified\":\"2025-12-17T10:50:20+00:00\",\"description\":\"Descubre c\u00f3mo recopilamos, utilizamos y protegemos tus datos personales, as\u00ed como tus derechos y nuestras pr\u00e1cticas de protecci\u00f3n de datos.\",\"breadcrumb\":{\"@id\":\"https:\/\/rollingshield.com\/es\/privacy-policy\/#breadcrumb\"},\"inLanguage\":\"es\",\"potentialAction\":[{\"@type\":\"ReadAction\",\"target\":[\"https:\/\/rollingshield.com\/es\/privacy-policy\/\"]}]},{\"@type\":\"BreadcrumbList\",\"@id\":\"https:\/\/rollingshield.com\/es\/privacy-policy\/#breadcrumb\",\"itemListElement\":[{\"@type\":\"ListItem\",\"position\":1,\"name\":\"Portada\",\"item\":\"https:\/\/rollingshield.com\/es\/\"},{\"@type\":\"ListItem\",\"position\":2,\"name\":\"Pol\u00edtica de Privacidad\"}]},{\"@type\":\"WebSite\",\"@id\":\"https:\/\/rollingshield.com\/#website\",\"url\":\"https:\/\/rollingshield.com\/\",\"name\":\"Rolling Shield\",\"description\":\"Awnings - Shutters - Screens - Shades\",\"publisher\":{\"@id\":\"https:\/\/rollingshield.com\/#organization\"},\"potentialAction\":[{\"@type\":\"SearchAction\",\"target\":{\"@type\":\"EntryPoint\",\"urlTemplate\":\"https:\/\/rollingshield.com\/?s={search_term_string}\"},\"query-input\":{\"@type\":\"PropertyValueSpecification\",\"valueRequired\":true,\"valueName\":\"search_term_string\"}}],\"inLanguage\":\"es\"},{\"@type\":\"Organization\",\"@id\":\"https:\/\/rollingshield.com\/#organization\",\"name\":\"Rolling Shield\",\"url\":\"https:\/\/rollingshield.com\/\",\"logo\":{\"@type\":\"ImageObject\",\"inLanguage\":\"es\",\"@id\":\"https:\/\/rollingshield.com\/#\/schema\/logo\/image\/\",\"url\":\"https:\/\/rollingshield.com\/wp-content\/uploads\/2024\/02\/cropped-rolling-logo.png\",\"contentUrl\":\"https:\/\/rollingshield.com\/wp-content\/uploads\/2024\/02\/cropped-rolling-logo.png\",\"width\":476,\"height\":100,\"caption\":\"Rolling Shield\"},\"image\":{\"@id\":\"https:\/\/rollingshield.com\/#\/schema\/logo\/image\/\"}}]}<\/script>\n<!-- \/ Yoast SEO plugin. -->","yoast_head_json":{"title":"Pol\u00edtica de Privacidad | Rolling Shield","description":"Descubre c\u00f3mo recopilamos, utilizamos y protegemos tus datos personales, as\u00ed como tus derechos y nuestras pr\u00e1cticas de protecci\u00f3n de datos.","robots":{"index":"index","follow":"follow","max-snippet":"max-snippet:-1","max-image-preview":"max-image-preview:large","max-video-preview":"max-video-preview:-1"},"canonical":"https:\/\/rollingshield.com\/es\/privacy-policy\/","og_locale":"es_ES","og_type":"article","og_title":"Pol\u00edtica de Privacidad | Rolling Shield","og_description":"Descubre c\u00f3mo recopilamos, utilizamos y protegemos tus datos personales, as\u00ed como tus derechos y nuestras pr\u00e1cticas de protecci\u00f3n de datos.","og_url":"https:\/\/rollingshield.com\/es\/privacy-policy\/","og_site_name":"Rollingshield","article_modified_time":"2025-12-17T10:50:20+00:00","twitter_card":"summary_large_image","twitter_misc":{"Tiempo de lectura":"2 minutos"},"schema":{"@context":"https:\/\/schema.org","@graph":[{"@type":"WebPage","@id":"https:\/\/rollingshield.com\/es\/privacy-policy\/","url":"https:\/\/rollingshield.com\/es\/privacy-policy\/","name":"Pol\u00edtica de Privacidad | Rolling Shield","isPartOf":{"@id":"https:\/\/rollingshield.com\/#website"},"datePublished":"2024-04-09T08:12:18+00:00","dateModified":"2025-12-17T10:50:20+00:00","description":"Descubre c\u00f3mo recopilamos, utilizamos y protegemos tus datos personales, as\u00ed como tus derechos y nuestras pr\u00e1cticas de protecci\u00f3n de datos.","breadcrumb":{"@id":"https:\/\/rollingshield.com\/es\/privacy-policy\/#breadcrumb"},"inLanguage":"es","potentialAction":[{"@type":"ReadAction","target":["https:\/\/rollingshield.com\/es\/privacy-policy\/"]}]},{"@type":"BreadcrumbList","@id":"https:\/\/rollingshield.com\/es\/privacy-policy\/#breadcrumb","itemListElement":[{"@type":"ListItem","position":1,"name":"Portada","item":"https:\/\/rollingshield.com\/es\/"},{"@type":"ListItem","position":2,"name":"Pol\u00edtica de Privacidad"}]},{"@type":"WebSite","@id":"https:\/\/rollingshield.com\/#website","url":"https:\/\/rollingshield.com\/","name":"Rolling Shield","description":"Awnings - Shutters - Screens - Shades","publisher":{"@id":"https:\/\/rollingshield.com\/#organization"},"potentialAction":[{"@type":"SearchAction","target":{"@type":"EntryPoint","urlTemplate":"https:\/\/rollingshield.com\/?s={search_term_string}"},"query-input":{"@type":"PropertyValueSpecification","valueRequired":true,"valueName":"search_term_string"}}],"inLanguage":"es"},{"@type":"Organization","@id":"https:\/\/rollingshield.com\/#organization","name":"Rolling Shield","url":"https:\/\/rollingshield.com\/","logo":{"@type":"ImageObject","inLanguage":"es","@id":"https:\/\/rollingshield.com\/#\/schema\/logo\/image\/","url":"https:\/\/rollingshield.com\/wp-content\/uploads\/2024\/02\/cropped-rolling-logo.png","contentUrl":"https:\/\/rollingshield.com\/wp-content\/uploads\/2024\/02\/cropped-rolling-logo.png","width":476,"height":100,"caption":"Rolling Shield"},"image":{"@id":"https:\/\/rollingshield.com\/#\/schema\/logo\/image\/"}}]}},"brizy_media":[],"_links":{"self":[{"href":"https:\/\/rollingshield.com\/es\/wp-json\/wp\/v2\/pages\/8018","targetHints":{"allow":["GET"]}}],"collection":[{"href":"https:\/\/rollingshield.com\/es\/wp-json\/wp\/v2\/pages"}],"about":[{"href":"https:\/\/rollingshield.com\/es\/wp-json\/wp\/v2\/types\/page"}],"author":[{"embeddable":true,"href":"https:\/\/rollingshield.com\/es\/wp-json\/wp\/v2\/users\/1"}],"replies":[{"embeddable":true,"href":"https:\/\/rollingshield.com\/es\/wp-json\/wp\/v2\/comments?post=8018"}],"version-history":[{"count":5,"href":"https:\/\/rollingshield.com\/es\/wp-json\/wp\/v2\/pages\/8018\/revisions"}],"predecessor-version":[{"id":9009,"href":"https:\/\/rollingshield.com\/es\/wp-json\/wp\/v2\/pages\/8018\/revisions\/9009"}],"wp:attachment":[{"href":"https:\/\/rollingshield.com\/es\/wp-json\/wp\/v2\/media?parent=8018"}],"curies":[{"name":"wp","href":"https:\/\/api.w.org\/{rel}","templated":true}]}}