{"id":8743,"date":"2025-11-11T16:41:04","date_gmt":"2025-11-11T15:41:04","guid":{"rendered":"https:\/\/rollingshield.com\/?page_id=8743"},"modified":"2025-12-17T11:44:13","modified_gmt":"2025-12-17T10:44:13","slug":"persianas-antihuracanes","status":"publish","type":"page","link":"https:\/\/rollingshield.com\/es\/persianas-antihuracanes\/","title":{"rendered":"Persianas Antihuracanes"},"content":{"rendered":"<div class=\"brz brz-root__container brz-reset-all brz-root__container-page\">\n<section id=\"nqH901cPAhJN_nqH901cPAhJN\" class=\"brz-section brz-css-d-section brz-css-18vz7dj\">\n<div class=\"brz-section__content brz-section--boxed brz-css-d-sectionitem-bg brz-css-12l5p0r\" data-brz-custom-id=\"djw7aGb2SdiB\">\n<div class=\"brz-bg\"><\/div>\n<div class=\"brz-container brz-css-d-sectionitem-container brz-css-uu2im4\">\n<div id=\"\" class=\"brz-css-d-wrapper brz-css-1cc1eej brz-wrapper\">\n<div class=\"brz-rich-text brz-rich-text__custom brz-css-d-richtext brz-css-15cdthq\" data-brz-custom-id=\"eivUI5JwgHg6\">\n<div data-brz-translate-text=\"1\">\n<h1 class=\"brz-tp-lg-heading1 brz-css-rVNXg\" data-uniq-id=\"u0kGf\" data-generated-css=\"brz-css-su1WP\"><strong class=\"brz-cp-color7\">Persianas Antihuracanes \u2013 Rolling Shield<\/strong><\/h1>\n<\/div>\n<\/div>\n<\/div>\n<div id=\"\" class=\"brz-css-d-wrapper brz-css-1jacbo9 brz-wrapper\">\n<div class=\"brz-rich-text brz-rich-text__custom brz-css-d-richtext brz-css-14qhg2b\" data-brz-custom-id=\"tEga21AUJ15i\">\n<div data-brz-translate-text=\"1\">\n<h3 class=\"brz-tp-lg-heading3 brz-css-eBQHp\" data-generated-css=\"brz-css-ehaY5\" data-uniq-id=\"vb0BZ\"><strong>Protege tu hogar con la resistencia de las persianas antihuracanes de Rolling Shield<\/strong><\/h3>\n<p class=\"brz-tp-lg-paragraph brz-css-zP4mP\" data-generated-css=\"brz-css-cR7vQ\" data-uniq-id=\"m2yWH\">Cuando se aproxima una tormenta, la seguridad comienza con la prevenci\u00f3n.<\/p>\n<p class=\"brz-tp-lg-paragraph brz-css-vhziU\" data-generated-css=\"brz-css-w3WWJ\" data-uniq-id=\"p9TmU\">En <strong>Rolling Shield<\/strong>, dise\u00f1amos y fabricamos <strong>hurricane shutters<\/strong> (persianas de protecci\u00f3n contra huracanes) que combinan <strong>resistencia, durabilidad y dise\u00f1o<\/strong>, garantizando tu tranquilidad durante la temporada de huracanes.<\/p>\n<p class=\"brz-tp-lg-paragraph brz-css-s6ckQ\" data-generated-css=\"brz-css-elu7W\" data-uniq-id=\"e9vjZ\">Nuestras persianas est\u00e1n certificadas y cumplen con los <strong>est\u00e1ndares del C\u00f3digo de Construcci\u00f3n de Florida y Miami-Dade<\/strong>, ofreciendo la m\u00e1xima protecci\u00f3n frente a vientos extremos y escombros voladores.<\/p>\n<h3 class=\"brz-tp-lg-heading3 brz-css-dYTdg\" data-generated-css=\"brz-css-lVS0L\" data-uniq-id=\"nmO6h\"><\/h3>\n<h3 class=\"brz-tp-lg-heading3 brz-css-xEmr9\" data-generated-css=\"brz-css-lVS0L\" data-uniq-id=\"nmO6h\"><strong>Por qu\u00e9 elegir las hurricane shutters de Rolling Shield<\/strong><\/h3>\n<ul>\n<li class=\"brz-tp-lg-paragraph brz-css-yw8QW\" data-generated-css=\"brz-css-ce2dx\" data-uniq-id=\"rev9R\">Protecci\u00f3n superior frente a huracanes y tormentas tropicales.<\/li>\n<li class=\"brz-tp-lg-paragraph brz-css-kZvJr\" data-generated-css=\"brz-css-unYDp\" data-uniq-id=\"dznmj\">Materiales de alta calidad, como aluminio reforzado y componentes resistentes.<\/li>\n<li class=\"brz-tp-lg-paragraph brz-css-tigic\" data-generated-css=\"brz-css-j_Bts\" data-uniq-id=\"gZE8V\">Aumenta el valor de tu vivienda y puede reducir la prima del seguro.<\/li>\n<li class=\"brz-tp-lg-paragraph brz-css-caFlI\" data-generated-css=\"brz-css-uWVB1\" data-uniq-id=\"kG38c\">Dise\u00f1os est\u00e9ticos y funcionales que se adaptan al estilo de tu hogar.<\/li>\n<li class=\"brz-tp-lg-paragraph brz-css-sIVj4\" data-generated-css=\"brz-css-lUclc\" data-uniq-id=\"o2d0U\">Opciones motorizadas o manuales para un uso c\u00f3modo y r\u00e1pido.<\/li>\n<\/ul>\n<h3 class=\"brz-tp-lg-heading3 brz-css-zPI5C\" data-generated-css=\"brz-css-cgz0p\" data-uniq-id=\"yXEiE\"><strong>Tipos de hurricane shutters disponibles<\/strong><\/h3>\n<ul>\n<li class=\"brz-tp-lg-paragraph brz-css-mz6Rv\" data-generated-css=\"brz-css-czUNZ\" data-uniq-id=\"e5q6l\"><strong>Persianas enrollables (Roll-Down):<\/strong> m\u00e1xima seguridad y comodidad.<\/li>\n<li class=\"brz-tp-lg-paragraph brz-css-zNW5R\" data-generated-css=\"brz-css-hBXt7\" data-uniq-id=\"ehVa0\"><strong>Tipo acorde\u00f3n:<\/strong> f\u00e1ciles de usar y almacenar, con gran resistencia.<\/li>\n<li class=\"brz-tp-lg-paragraph brz-css-tRo0H\" data-generated-css=\"brz-css-zVjHO\" data-uniq-id=\"yrvWR\"><strong>Bahama shutters:<\/strong> estilo tropical con protecci\u00f3n solar y contra el viento.<\/li>\n<li class=\"brz-tp-lg-paragraph brz-css-bRSP0\" data-generated-css=\"brz-css-dEk8F\" data-uniq-id=\"xtTMP\"><strong>Colonial shutters:<\/strong> elegantes y seguras, ideales para fachadas cl\u00e1sicas.<\/li>\n<li class=\"brz-tp-lg-paragraph brz-css-prf5F\" data-generated-css=\"brz-css-yqQps\" data-uniq-id=\"cHEHA\"><strong>Paneles de tormenta:<\/strong> opci\u00f3n econ\u00f3mica y desmontable para uso estacional.<\/li>\n<\/ul>\n<p class=\"brz-tp-lg-paragraph brz-css-e5w0L\" data-generated-css=\"brz-css-qHk4n\" data-uniq-id=\"lcAGn\">Todas las persianas <strong>Rolling Shield<\/strong> son <strong>personalizadas<\/strong> y se instalan profesionalmente para garantizar un rendimiento \u00f3ptimo y duradero.<\/p>\n<h3 class=\"brz-tp-lg-heading3 brz-css-u5GXb\" data-generated-css=\"brz-css-eHvS8\" data-uniq-id=\"jS5S4\"><strong>Beneficios principales<\/strong><\/h3>\n<ul>\n<li class=\"brz-tp-lg-paragraph brz-css-pis_g\" data-generated-css=\"brz-css-vzW0c\" data-uniq-id=\"ffv2O\">Evita la rotura de cristales y da\u00f1os estructurales.<\/li>\n<li class=\"brz-tp-lg-paragraph brz-css-wiJdN\" data-generated-css=\"brz-css-wpN0Y\" data-uniq-id=\"tCefX\">Protege a tu familia y tus pertenencias.<\/li>\n<li class=\"brz-tp-lg-paragraph brz-css-oWzzw\" data-generated-css=\"brz-css-f4ImP\" data-uniq-id=\"z2dk9\">Reducci\u00f3n del tiempo de preparaci\u00f3n ante alertas clim\u00e1ticas.<\/li>\n<li class=\"brz-tp-lg-paragraph brz-css-oP7sS\" data-generated-css=\"brz-css-osRB0\" data-uniq-id=\"dlDAD\">Mejora la eficiencia energ\u00e9tica y la privacidad.<\/li>\n<\/ul>\n<h3 class=\"brz-tp-lg-heading3 brz-css-yEkPl\" data-generated-css=\"brz-css-rm_K_\" data-uniq-id=\"dp55M\"><strong>Conf\u00eda en los expertos de Rolling Shield<\/strong><\/h3>\n<p class=\"brz-tp-lg-paragraph brz-css-cmAuc\" data-generated-css=\"brz-css-arDAn\" data-uniq-id=\"rHZHq\">Con m\u00e1s de <strong>30 a\u00f1os de experiencia<\/strong>, Rolling Shield es l\u00edder en <strong>sistemas de protecci\u00f3n frente a huracanes<\/strong>.<\/p>\n<p class=\"brz-tp-lg-paragraph brz-css-pwS1k\" data-generated-css=\"brz-css-sDLgm\" data-uniq-id=\"q4jJI\">Ofrecemos soluciones integrales: <strong>asesor\u00eda, fabricaci\u00f3n, instalaci\u00f3n y mantenimiento<\/strong>.<\/p>\n<p class=\"brz-tp-lg-paragraph brz-css-rvz28\" data-generated-css=\"brz-css-zNfsf\" data-uniq-id=\"wx3oO\">Nuestra misi\u00f3n es proteger tu hogar y darte la tranquilidad que mereces. <strong>Cont\u00e1ctanos hoy para una evaluaci\u00f3n gratuita.<\/strong><\/p>\n<\/div>\n<\/div>\n<\/div>\n<\/div>\n<\/div>\n<\/section>\n<\/div>\n<p><!-- version:1762876939 --><\/p>\n","protected":false},"excerpt":{"rendered":"<p>Persianas Antihuracanes \u2013 Rolling Shield Protege tu hogar con la resistencia de las persianas antihuracanes de Rolling Shield Cuando se [&hellip;]<\/p>\n","protected":false},"author":1,"featured_media":1114,"parent":0,"menu_order":0,"comment_status":"closed","ping_status":"closed","template":"brizy-blank-template.php","meta":{"site-sidebar-layout":"default","site-content-layout":"","ast-site-content-layout":"default","site-content-style":"default","site-sidebar-style":"default","ast-global-header-display":"","ast-banner-title-visibility":"","ast-main-header-display":"","ast-hfb-above-header-display":"","ast-hfb-below-header-display":"","ast-hfb-mobile-header-display":"","site-post-title":"","ast-breadcrumbs-content":"","ast-featured-img":"","footer-sml-layout":"","theme-transparent-header-meta":"default","adv-header-id-meta":"","stick-header-meta":"","header-above-stick-meta":"","header-main-stick-meta":"","header-below-stick-meta":"","astra-migrate-meta-layouts":"set","ast-page-background-enabled":"default","ast-page-background-meta":{"desktop":{"background-color":"var(--ast-global-color-4)","background-image":"","background-repeat":"repeat","background-position":"center center","background-size":"auto","background-attachment":"scroll","background-type":"","background-media":"","overlay-type":"","overlay-color":"","overlay-opacity":"","overlay-gradient":""},"tablet":{"background-color":"","background-image":"","background-repeat":"repeat","background-position":"center center","background-size":"auto","background-attachment":"scroll","background-type":"","background-media":"","overlay-type":"","overlay-color":"","overlay-opacity":"","overlay-gradient":""},"mobile":{"background-color":"","background-image":"","background-repeat":"repeat","background-position":"center center","background-size":"auto","background-attachment":"scroll","background-type":"","background-media":"","overlay-type":"","overlay-color":"","overlay-opacity":"","overlay-gradient":""}},"ast-content-background-meta":{"desktop":{"background-color":"var(--ast-global-color-5)","background-image":"","background-repeat":"repeat","background-position":"center center","background-size":"auto","background-attachment":"scroll","background-type":"","background-media":"","overlay-type":"","overlay-color":"","overlay-opacity":"","overlay-gradient":""},"tablet":{"background-color":"var(--ast-global-color-5)","background-image":"","background-repeat":"repeat","background-position":"center center","background-size":"auto","background-attachment":"scroll","background-type":"","background-media":"","overlay-type":"","overlay-color":"","overlay-opacity":"","overlay-gradient":""},"mobile":{"background-color":"var(--ast-global-color-5)","background-image":"","background-repeat":"repeat","background-position":"center center","background-size":"auto","background-attachment":"scroll","background-type":"","background-media":"","overlay-type":"","overlay-color":"","overlay-opacity":"","overlay-gradient":""}},"footnotes":""},"class_list":["post-8743","page","type-page","status-publish","has-post-thumbnail","hentry"],"yoast_head":"<!-- This site is optimized with the Yoast SEO plugin v26.6 - https:\/\/yoast.com\/wordpress\/plugins\/seo\/ -->\n<title>Persianas Anti Huracanes | Protecci\u00f3n frente a Tormentas<\/title>\n<meta name=\"description\" content=\"Persianas anti huracanes de alta calidad para viviendas y negocios, con dise\u00f1o a medida, fabricaci\u00f3n propia e instalaci\u00f3n profesional. \u00a1Ll\u00e1manos!\" \/>\n<meta name=\"robots\" content=\"index, follow, max-snippet:-1, max-image-preview:large, max-video-preview:-1\" \/>\n<link rel=\"canonical\" href=\"https:\/\/rollingshield.com\/es\/persianas-antihuracanes\/\" \/>\n<meta property=\"og:locale\" content=\"es_ES\" \/>\n<meta property=\"og:type\" content=\"article\" \/>\n<meta property=\"og:title\" content=\"Persianas Anti Huracanes | Protecci\u00f3n frente a Tormentas\" \/>\n<meta property=\"og:description\" content=\"Persianas anti huracanes de alta calidad para viviendas y negocios, con dise\u00f1o a medida, fabricaci\u00f3n propia e instalaci\u00f3n profesional. \u00a1Ll\u00e1manos!\" \/>\n<meta property=\"og:url\" content=\"https:\/\/rollingshield.com\/es\/persianas-antihuracanes\/\" \/>\n<meta property=\"og:site_name\" content=\"Rollingshield\" \/>\n<meta property=\"article:modified_time\" content=\"2025-12-17T10:44:13+00:00\" \/>\n<meta property=\"og:image\" content=\"https:\/\/rollingshield.com\/wp-content\/uploads\/2024\/03\/Ecoclim-Puerta-Garaje-02-Final-copia-1.webp\" \/>\n\t<meta property=\"og:image:width\" content=\"1200\" \/>\n\t<meta property=\"og:image:height\" content=\"800\" \/>\n\t<meta property=\"og:image:type\" content=\"image\/webp\" \/>\n<meta name=\"twitter:card\" content=\"summary_large_image\" \/>\n<meta name=\"twitter:label1\" content=\"Tiempo de lectura\" \/>\n\t<meta name=\"twitter:data1\" content=\"2 minutos\" \/>\n<script type=\"application\/ld+json\" class=\"yoast-schema-graph\">{\"@context\":\"https:\/\/schema.org\",\"@graph\":[{\"@type\":\"WebPage\",\"@id\":\"https:\/\/rollingshield.com\/es\/persianas-antihuracanes\/\",\"url\":\"https:\/\/rollingshield.com\/es\/persianas-antihuracanes\/\",\"name\":\"Persianas Anti Huracanes | Protecci\u00f3n frente a Tormentas\",\"isPartOf\":{\"@id\":\"https:\/\/rollingshield.com\/#website\"},\"primaryImageOfPage\":{\"@id\":\"https:\/\/rollingshield.com\/es\/persianas-antihuracanes\/#primaryimage\"},\"image\":{\"@id\":\"https:\/\/rollingshield.com\/es\/persianas-antihuracanes\/#primaryimage\"},\"thumbnailUrl\":\"https:\/\/rollingshield.com\/wp-content\/uploads\/2024\/03\/Ecoclim-Puerta-Garaje-02-Final-copia-1.webp\",\"datePublished\":\"2025-11-11T15:41:04+00:00\",\"dateModified\":\"2025-12-17T10:44:13+00:00\",\"description\":\"Persianas anti huracanes de alta calidad para viviendas y negocios, con dise\u00f1o a medida, fabricaci\u00f3n propia e instalaci\u00f3n profesional. \u00a1Ll\u00e1manos!\",\"breadcrumb\":{\"@id\":\"https:\/\/rollingshield.com\/es\/persianas-antihuracanes\/#breadcrumb\"},\"inLanguage\":\"es\",\"potentialAction\":[{\"@type\":\"ReadAction\",\"target\":[\"https:\/\/rollingshield.com\/es\/persianas-antihuracanes\/\"]}]},{\"@type\":\"ImageObject\",\"inLanguage\":\"es\",\"@id\":\"https:\/\/rollingshield.com\/es\/persianas-antihuracanes\/#primaryimage\",\"url\":\"https:\/\/rollingshield.com\/wp-content\/uploads\/2024\/03\/Ecoclim-Puerta-Garaje-02-Final-copia-1.webp\",\"contentUrl\":\"https:\/\/rollingshield.com\/wp-content\/uploads\/2024\/03\/Ecoclim-Puerta-Garaje-02-Final-copia-1.webp\",\"width\":1200,\"height\":800},{\"@type\":\"BreadcrumbList\",\"@id\":\"https:\/\/rollingshield.com\/es\/persianas-antihuracanes\/#breadcrumb\",\"itemListElement\":[{\"@type\":\"ListItem\",\"position\":1,\"name\":\"Portada\",\"item\":\"https:\/\/rollingshield.com\/es\/\"},{\"@type\":\"ListItem\",\"position\":2,\"name\":\"Persianas Antihuracanes\"}]},{\"@type\":\"WebSite\",\"@id\":\"https:\/\/rollingshield.com\/#website\",\"url\":\"https:\/\/rollingshield.com\/\",\"name\":\"Rolling Shield\",\"description\":\"Awnings - Shutters - Screens - Shades\",\"publisher\":{\"@id\":\"https:\/\/rollingshield.com\/#organization\"},\"potentialAction\":[{\"@type\":\"SearchAction\",\"target\":{\"@type\":\"EntryPoint\",\"urlTemplate\":\"https:\/\/rollingshield.com\/?s={search_term_string}\"},\"query-input\":{\"@type\":\"PropertyValueSpecification\",\"valueRequired\":true,\"valueName\":\"search_term_string\"}}],\"inLanguage\":\"es\"},{\"@type\":\"Organization\",\"@id\":\"https:\/\/rollingshield.com\/#organization\",\"name\":\"Rolling Shield\",\"url\":\"https:\/\/rollingshield.com\/\",\"logo\":{\"@type\":\"ImageObject\",\"inLanguage\":\"es\",\"@id\":\"https:\/\/rollingshield.com\/#\/schema\/logo\/image\/\",\"url\":\"https:\/\/rollingshield.com\/wp-content\/uploads\/2024\/02\/cropped-rolling-logo.png\",\"contentUrl\":\"https:\/\/rollingshield.com\/wp-content\/uploads\/2024\/02\/cropped-rolling-logo.png\",\"width\":476,\"height\":100,\"caption\":\"Rolling Shield\"},\"image\":{\"@id\":\"https:\/\/rollingshield.com\/#\/schema\/logo\/image\/\"}}]}<\/script>\n<!-- \/ Yoast SEO plugin. -->","yoast_head_json":{"title":"Persianas Anti Huracanes | Protecci\u00f3n frente a Tormentas","description":"Persianas anti huracanes de alta calidad para viviendas y negocios, con dise\u00f1o a medida, fabricaci\u00f3n propia e instalaci\u00f3n profesional. \u00a1Ll\u00e1manos!","robots":{"index":"index","follow":"follow","max-snippet":"max-snippet:-1","max-image-preview":"max-image-preview:large","max-video-preview":"max-video-preview:-1"},"canonical":"https:\/\/rollingshield.com\/es\/persianas-antihuracanes\/","og_locale":"es_ES","og_type":"article","og_title":"Persianas Anti Huracanes | Protecci\u00f3n frente a Tormentas","og_description":"Persianas anti huracanes de alta calidad para viviendas y negocios, con dise\u00f1o a medida, fabricaci\u00f3n propia e instalaci\u00f3n profesional. \u00a1Ll\u00e1manos!","og_url":"https:\/\/rollingshield.com\/es\/persianas-antihuracanes\/","og_site_name":"Rollingshield","article_modified_time":"2025-12-17T10:44:13+00:00","og_image":[{"width":1200,"height":800,"url":"https:\/\/rollingshield.com\/wp-content\/uploads\/2024\/03\/Ecoclim-Puerta-Garaje-02-Final-copia-1.webp","type":"image\/webp"}],"twitter_card":"summary_large_image","twitter_misc":{"Tiempo de lectura":"2 minutos"},"schema":{"@context":"https:\/\/schema.org","@graph":[{"@type":"WebPage","@id":"https:\/\/rollingshield.com\/es\/persianas-antihuracanes\/","url":"https:\/\/rollingshield.com\/es\/persianas-antihuracanes\/","name":"Persianas Anti Huracanes | Protecci\u00f3n frente a Tormentas","isPartOf":{"@id":"https:\/\/rollingshield.com\/#website"},"primaryImageOfPage":{"@id":"https:\/\/rollingshield.com\/es\/persianas-antihuracanes\/#primaryimage"},"image":{"@id":"https:\/\/rollingshield.com\/es\/persianas-antihuracanes\/#primaryimage"},"thumbnailUrl":"https:\/\/rollingshield.com\/wp-content\/uploads\/2024\/03\/Ecoclim-Puerta-Garaje-02-Final-copia-1.webp","datePublished":"2025-11-11T15:41:04+00:00","dateModified":"2025-12-17T10:44:13+00:00","description":"Persianas anti huracanes de alta calidad para viviendas y negocios, con dise\u00f1o a medida, fabricaci\u00f3n propia e instalaci\u00f3n profesional. \u00a1Ll\u00e1manos!","breadcrumb":{"@id":"https:\/\/rollingshield.com\/es\/persianas-antihuracanes\/#breadcrumb"},"inLanguage":"es","potentialAction":[{"@type":"ReadAction","target":["https:\/\/rollingshield.com\/es\/persianas-antihuracanes\/"]}]},{"@type":"ImageObject","inLanguage":"es","@id":"https:\/\/rollingshield.com\/es\/persianas-antihuracanes\/#primaryimage","url":"https:\/\/rollingshield.com\/wp-content\/uploads\/2024\/03\/Ecoclim-Puerta-Garaje-02-Final-copia-1.webp","contentUrl":"https:\/\/rollingshield.com\/wp-content\/uploads\/2024\/03\/Ecoclim-Puerta-Garaje-02-Final-copia-1.webp","width":1200,"height":800},{"@type":"BreadcrumbList","@id":"https:\/\/rollingshield.com\/es\/persianas-antihuracanes\/#breadcrumb","itemListElement":[{"@type":"ListItem","position":1,"name":"Portada","item":"https:\/\/rollingshield.com\/es\/"},{"@type":"ListItem","position":2,"name":"Persianas Antihuracanes"}]},{"@type":"WebSite","@id":"https:\/\/rollingshield.com\/#website","url":"https:\/\/rollingshield.com\/","name":"Rolling Shield","description":"Awnings - Shutters - Screens - Shades","publisher":{"@id":"https:\/\/rollingshield.com\/#organization"},"potentialAction":[{"@type":"SearchAction","target":{"@type":"EntryPoint","urlTemplate":"https:\/\/rollingshield.com\/?s={search_term_string}"},"query-input":{"@type":"PropertyValueSpecification","valueRequired":true,"valueName":"search_term_string"}}],"inLanguage":"es"},{"@type":"Organization","@id":"https:\/\/rollingshield.com\/#organization","name":"Rolling Shield","url":"https:\/\/rollingshield.com\/","logo":{"@type":"ImageObject","inLanguage":"es","@id":"https:\/\/rollingshield.com\/#\/schema\/logo\/image\/","url":"https:\/\/rollingshield.com\/wp-content\/uploads\/2024\/02\/cropped-rolling-logo.png","contentUrl":"https:\/\/rollingshield.com\/wp-content\/uploads\/2024\/02\/cropped-rolling-logo.png","width":476,"height":100,"caption":"Rolling Shield"},"image":{"@id":"https:\/\/rollingshield.com\/#\/schema\/logo\/image\/"}}]}},"brizy_media":[{"id":8772,"url":"https:\/\/rollingshield.com\/wp-content\/uploads\/2025\/11\/d51abe_b946f1cf9e144e8089ce6db46e6ced7f_mv2-824x656x0x0x824x656x1709713626.webp","name":"d51abe_b946f1cf9e144e8089ce6db46e6ced7f_mv2-824x656x0x0x824x656x1709713626.webp","meta":{"brizy_attachment_uid":"wp-999c8ab1ede970bd5db5c81fad7a0e83.webp","brizy_post_uid":["669885a5e2c4ba5ca938a930c70f752a","4405a8c8cadae8cb29c0742aa67dcadb"]}}],"_links":{"self":[{"href":"https:\/\/rollingshield.com\/es\/wp-json\/wp\/v2\/pages\/8743","targetHints":{"allow":["GET"]}}],"collection":[{"href":"https:\/\/rollingshield.com\/es\/wp-json\/wp\/v2\/pages"}],"about":[{"href":"https:\/\/rollingshield.com\/es\/wp-json\/wp\/v2\/types\/page"}],"author":[{"embeddable":true,"href":"https:\/\/rollingshield.com\/es\/wp-json\/wp\/v2\/users\/1"}],"replies":[{"embeddable":true,"href":"https:\/\/rollingshield.com\/es\/wp-json\/wp\/v2\/comments?post=8743"}],"version-history":[{"count":7,"href":"https:\/\/rollingshield.com\/es\/wp-json\/wp\/v2\/pages\/8743\/revisions"}],"predecessor-version":[{"id":9004,"href":"https:\/\/rollingshield.com\/es\/wp-json\/wp\/v2\/pages\/8743\/revisions\/9004"}],"wp:featuredmedia":[{"embeddable":true,"href":"https:\/\/rollingshield.com\/es\/wp-json\/wp\/v2\/media\/1114"}],"wp:attachment":[{"href":"https:\/\/rollingshield.com\/es\/wp-json\/wp\/v2\/media?parent=8743"}],"curies":[{"name":"wp","href":"https:\/\/api.w.org\/{rel}","templated":true}]}}